{"id":950,"date":"2018-04-20T13:42:33","date_gmt":"2018-04-20T13:42:33","guid":{"rendered":"http:\/\/cadenceresidence.com\/?page_id=950\/"},"modified":"2018-04-25T15:41:34","modified_gmt":"2018-04-25T15:41:34","slug":"donations","status":"publish","type":"page","link":"https:\/\/cadenceresidence.com\/fr\/donations\/","title":{"rendered":"Donations"},"content":{"rendered":"<div class=\"wpb-content-wrapper\"><p>[vc_row heading_color=\u00a0\u00bblight\u00a0\u00bb section_type=\u00a0\u00bbfullwidth\u00a0\u00bb header_feature=\u00a0\u00bbyes\u00a0\u00bb enable_first_overlay=\u00a0\u00bbtrue\u00a0\u00bb first_overlay_opacity=\u00a0\u00bb100&Prime; first_background_type=\u00a0\u00bbimage\u00a0\u00bb first_background_image=\u00a0\u00bb954&Prime; first_background_size=\u00a0\u00bbcover\u00a0\u00bb enable_bottom_separator=\u00a0\u00bbtrue\u00a0\u00bb bottom_separator_style=\u00a0\u00bbblob-left\u00a0\u00bb padding_top=\u00a0\u00bb160&Prime; padding_bottom=\u00a0\u00bb160&Prime; font_color=\u00a0\u00bb#ffffff\u00a0\u00bb][vc_column width=\u00a0\u00bb5\/12&Prime;][vc_column_text css=\u00a0\u00bb.vc_custom_1524231421727{padding-top: 32px !important;padding-right: 32px !important;padding-bottom: 1px !important;padding-left: 32px !important;background-color: rgba(109,127,84,0.88) !important;*background-color: rgb(109,127,84) !important;}\u00a0\u00bb]<\/p>\n<h1 style=\"text-align: center;\">Donations<\/h1>\n<p>[\/vc_column_text][\/vc_column][vc_column width=\u00a0\u00bb7\/12&Prime;][\/vc_column][\/vc_row][vc_row padding_top=\u00a0\u00bb32&Prime; margin_bottom=\u00a0\u00bb2&Prime; padding_bottom=\u00a0\u00bb50&Prime;][vc_column width=\u00a0\u00bb1\/12&Prime;][\/vc_column][vc_column width=\u00a0\u00bb5\/6&Prime;][vc_column_text text_style=\u00a0\u00bbleader-text\u00a0\u00bb css=\u00a0\u00bb.vc_custom_1524231526539{border-left-width: 5px !important;padding-top: 32px !important;padding-right: 32px !important;padding-bottom: 32px !important;padding-left: 32px !important;border-left-color: #ffffff !important;border-left-style: solid !important;}\u00a0\u00bb]Nous aimerions vous inviter \u00e0 participer dans notre programme de reconnaissance. Le but de notre programme est d\u2019avoir une plaque permanente sur l\u2019arbre situ\u00e9 dans notre belle salle \u00e0 manger \u00e0 la r\u00e9sidence Cadence en reconnaissance de vos biens aim\u00e9s. Les fonds recueillis de ce programme seront utiliser pour d\u00e9velopper des services ou am\u00e9nagements suppl\u00e9mentaires \u00e0 la r\u00e9sidence Cadence pour les r\u00e9sidents et le publique.<\/p>\n<p>Les dons des clubs, organisations, ou entreprises sont encourag\u00e9s et appr\u00e9ci\u00e9s puisque nous voulons profiter de cette belle r\u00e9sidence en invitant les contributeurs de prendre avantage de cette nouvelle construction et de nos services.<\/p>\n<p>Vos options dans le programme de reconnaissance sont les suivants\u00a0:[\/vc_column_text][\/vc_column][vc_column width=\u00a0\u00bb1\/12&Prime;][\/vc_column][\/vc_row][vc_row][vc_column]<div id=\"mpc_image-2069d2987b62cf2\" onclick=\"\" class=\"mpc-image mpc-init \" ><div class=\"mpc-item mpc-transition\"><img loading=\"lazy\" decoding=\"async\" width=\"1024\" height=\"791\" src=\"https:\/\/cadenceresidence.com\/wp-content\/uploads\/2018\/04\/Cart-French-1024x791.jpg\" class=\"mpc-transition attachment-large\" alt=\"\" title=\"Cart French\" srcset=\"https:\/\/cadenceresidence.com\/wp-content\/uploads\/2018\/04\/Cart-French-1024x791.jpg 1024w, https:\/\/cadenceresidence.com\/wp-content\/uploads\/2018\/04\/Cart-French-300x232.jpg 300w, https:\/\/cadenceresidence.com\/wp-content\/uploads\/2018\/04\/Cart-French-768x593.jpg 768w, https:\/\/cadenceresidence.com\/wp-content\/uploads\/2018\/04\/Cart-French.jpg 1650w\" sizes=\"auto, (max-width: 1024px) 100vw, 1024px\" \/><\/div><\/div>[\/vc_column][\/vc_row][vc_row][vc_column]<div id=\"mpc_grid_images-9369d2987b62ddf\" class=\"mpc-grid-images mpc-init mpc-effect--none \"  data-grid-cols=\"4\"><div class=\"mpc-item\"><div onclick=\"\" class=\"mpc-grid__image mpc-transition\"><img loading=\"lazy\" decoding=\"async\" width=\"300\" height=\"177\" src=\"https:\/\/cadenceresidence.com\/wp-content\/uploads\/2018\/04\/Small-Rock-300x177.png\" class=\"mpc-transition attachment-medium\" alt=\"\" title=\"Small Rock\" srcset=\"https:\/\/cadenceresidence.com\/wp-content\/uploads\/2018\/04\/Small-Rock-300x177.png 300w, https:\/\/cadenceresidence.com\/wp-content\/uploads\/2018\/04\/Small-Rock-768x453.png 768w, https:\/\/cadenceresidence.com\/wp-content\/uploads\/2018\/04\/Small-Rock-800x475.png 800w, https:\/\/cadenceresidence.com\/wp-content\/uploads\/2018\/04\/Small-Rock.png 806w\" sizes=\"auto, (max-width: 300px) 100vw, 300px\" \/><\/div><\/div><div class=\"mpc-item\"><div onclick=\"\" class=\"mpc-grid__image mpc-transition\"><img loading=\"lazy\" decoding=\"async\" width=\"300\" height=\"165\" src=\"https:\/\/cadenceresidence.com\/wp-content\/uploads\/2018\/04\/Leaf-300x165.png\" class=\"mpc-transition attachment-medium\" alt=\"\" title=\"Leaf\" srcset=\"https:\/\/cadenceresidence.com\/wp-content\/uploads\/2018\/04\/Leaf-300x165.png 300w, https:\/\/cadenceresidence.com\/wp-content\/uploads\/2018\/04\/Leaf-768x422.png 768w, https:\/\/cadenceresidence.com\/wp-content\/uploads\/2018\/04\/Leaf-1024x562.png 1024w, https:\/\/cadenceresidence.com\/wp-content\/uploads\/2018\/04\/Leaf.png 1149w\" sizes=\"auto, (max-width: 300px) 100vw, 300px\" \/><\/div><\/div><div class=\"mpc-item\"><div onclick=\"\" class=\"mpc-grid__image mpc-transition\"><img loading=\"lazy\" decoding=\"async\" width=\"300\" height=\"176\" src=\"https:\/\/cadenceresidence.com\/wp-content\/uploads\/2018\/04\/Large-Rock-300x176.jpg\" class=\"mpc-transition attachment-medium\" alt=\"\" title=\"Large Rock\" srcset=\"https:\/\/cadenceresidence.com\/wp-content\/uploads\/2018\/04\/Large-Rock-300x176.jpg 300w, https:\/\/cadenceresidence.com\/wp-content\/uploads\/2018\/04\/Large-Rock-768x450.jpg 768w, https:\/\/cadenceresidence.com\/wp-content\/uploads\/2018\/04\/Large-Rock-1024x600.jpg 1024w, https:\/\/cadenceresidence.com\/wp-content\/uploads\/2018\/04\/Large-Rock.jpg 1100w\" sizes=\"auto, (max-width: 300px) 100vw, 300px\" \/><\/div><\/div><div class=\"mpc-item\"><div onclick=\"\" class=\"mpc-grid__image mpc-transition\"><img loading=\"lazy\" decoding=\"async\" width=\"300\" height=\"179\" src=\"https:\/\/cadenceresidence.com\/wp-content\/uploads\/2018\/04\/Dove-300x179.png\" class=\"mpc-transition attachment-medium\" alt=\"\" title=\"Dove\" srcset=\"https:\/\/cadenceresidence.com\/wp-content\/uploads\/2018\/04\/Dove-300x179.png 300w, https:\/\/cadenceresidence.com\/wp-content\/uploads\/2018\/04\/Dove-768x459.png 768w, https:\/\/cadenceresidence.com\/wp-content\/uploads\/2018\/04\/Dove-1024x612.png 1024w, https:\/\/cadenceresidence.com\/wp-content\/uploads\/2018\/04\/Dove.png 1202w\" sizes=\"auto, (max-width: 300px) 100vw, 300px\" \/><\/div><\/div><\/div>[\/vc_column][\/vc_row][vc_row][vc_column][vc_row_inner css=\u00a0\u00bb.vc_custom_1497468882822{padding-top: 45px !important;}\u00a0\u00bb][vc_column_inner width=\u00a0\u00bb1\/12&Prime;][\/vc_column_inner][vc_column_inner width=\u00a0\u00bb5\/6&Prime; css=\u00a0\u00bb.vc_custom_1497467181712{padding-top: 32px !important;padding-right: 32px !important;padding-bottom: 32px !important;padding-left: 32px !important;background-color: #ffffff !important;}\u00a0\u00bb][vc_column_text]Faites votre demande en completant le suivant.[\/vc_column_text][gravityform id=\u00a0\u00bb9&Prime; title=\u00a0\u00bbfalse\u00a0\u00bb description=\u00a0\u00bbfalse\u00a0\u00bb ajax=\u00a0\u00bbfalse\u00a0\u00bb][\/vc_column_inner][vc_column_inner width=\u00a0\u00bb1\/12&Prime;][\/vc_column_inner][\/vc_row_inner][\/vc_column][\/vc_row]<\/p>\n<\/div>","protected":false},"excerpt":{"rendered":"<p>[vc_row heading_color=\u00a0\u00bblight\u00a0\u00bb section_type=\u00a0\u00bbfullwidth\u00a0\u00bb header_feature=\u00a0\u00bbyes\u00a0\u00bb enable_first_overlay=\u00a0\u00bbtrue\u00a0\u00bb first_overlay_opacity=\u00a0\u00bb100&Prime; first_background_type=\u00a0\u00bbimage\u00a0\u00bb first_background_image=\u00a0\u00bb954&Prime; first_background_size=\u00a0\u00bbcover\u00a0\u00bb enable_bottom_separator=\u00a0\u00bbtrue\u00a0\u00bb bottom_separator_style=\u00a0\u00bbblob-left\u00a0\u00bb padding_top=\u00a0\u00bb160&Prime; padding_bottom=\u00a0\u00bb160&Prime; font_color=\u00a0\u00bb#ffffff\u00a0\u00bb][vc_column width=\u00a0\u00bb5\/12&Prime;][vc_column_text css=\u00a0\u00bb.vc_custom_1524231421727{padding-top: 32px !important;padding-right: 32px !important;padding-bottom: 1px !important;padding-left: 32px !important;background-color: rgba(109,127,84,0.88) !important;*background-color: rgb(109,127,84) !important;}\u00a0\u00bb] Donations [\/vc_column_text][\/vc_column][vc_column width=\u00a0\u00bb7\/12&Prime;][\/vc_column][\/vc_row][vc_row padding_top=\u00a0\u00bb32&Prime; margin_bottom=\u00a0\u00bb2&Prime; padding_bottom=\u00a0\u00bb50&Prime;][vc_column width=\u00a0\u00bb1\/12&Prime;][\/vc_column][vc_column width=\u00a0\u00bb5\/6&Prime;][vc_column_text text_style=\u00a0\u00bbleader-text\u00a0\u00bb css=\u00a0\u00bb.vc_custom_1524231526539{border-left-width: 5px !important;padding-top: 32px !important;padding-right: 32px !important;padding-bottom: 32px !important;padding-left: 32px !important;border-left-color: #ffffff !important;border-left-style: solid !important;}\u00a0\u00bb]Nous aimerions vous inviter<\/p>\n","protected":false},"author":2,"featured_media":0,"parent":0,"menu_order":0,"comment_status":"closed","ping_status":"closed","template":"","meta":{"footnotes":""},"class_list":["post-950","page","type-page","status-publish","hentry"],"yoast_head":"<!-- This site is optimized with the Yoast SEO plugin v27.3 - https:\/\/yoast.com\/product\/yoast-seo-wordpress\/ -->\n<title>Donations - Cadence Residence<\/title>\n<meta name=\"description\" content=\"R\u00e9sidence Cadence offre des carri\u00e8res significatives. Nous recherchons des individus positifs et honn\u00eates, qui d\u00e9sirent faire partie d\u2019une \u00e9quipe dynamique.\" \/>\n<meta name=\"robots\" content=\"index, follow, max-snippet:-1, max-image-preview:large, max-video-preview:-1\" \/>\n<link rel=\"canonical\" href=\"https:\/\/cadenceresidence.com\/fr\/donations\/\" \/>\n<meta property=\"og:locale\" content=\"fr_FR\" \/>\n<meta property=\"og:type\" content=\"article\" \/>\n<meta property=\"og:title\" content=\"Donations - Cadence Residence\" \/>\n<meta property=\"og:description\" content=\"R\u00e9sidence Cadence offre des carri\u00e8res significatives. Nous recherchons des individus positifs et honn\u00eates, qui d\u00e9sirent faire partie d\u2019une \u00e9quipe dynamique.\" \/>\n<meta property=\"og:url\" content=\"https:\/\/cadenceresidence.com\/fr\/donations\/\" \/>\n<meta property=\"og:site_name\" content=\"Cadence Residence\" \/>\n<meta property=\"article:publisher\" content=\"https:\/\/www.facebook.com\/cadenceresidence\/\" \/>\n<meta property=\"article:modified_time\" content=\"2018-04-25T15:41:34+00:00\" \/>\n<meta property=\"og:image\" content=\"https:\/\/cadenceresidence.com\/wp-content\/uploads\/2017\/05\/Cadence-Residence_Logo.png\" \/>\n\t<meta property=\"og:image:width\" content=\"650\" \/>\n\t<meta property=\"og:image:height\" content=\"413\" \/>\n\t<meta property=\"og:image:type\" content=\"image\/png\" \/>\n<meta name=\"twitter:card\" content=\"summary_large_image\" \/>\n<meta name=\"twitter:label1\" content=\"Dur\u00e9e de lecture estim\u00e9e\" \/>\n\t<meta name=\"twitter:data1\" content=\"2 minutes\" \/>\n<script type=\"application\/ld+json\" class=\"yoast-schema-graph\">{\"@context\":\"https:\\\/\\\/schema.org\",\"@graph\":[{\"@type\":\"WebPage\",\"@id\":\"https:\\\/\\\/cadenceresidence.com\\\/fr\\\/donations\\\/\",\"url\":\"https:\\\/\\\/cadenceresidence.com\\\/fr\\\/donations\\\/\",\"name\":\"Donations - Cadence Residence\",\"isPartOf\":{\"@id\":\"https:\\\/\\\/cadenceresidence.com\\\/#website\"},\"datePublished\":\"2018-04-20T13:42:33+00:00\",\"dateModified\":\"2018-04-25T15:41:34+00:00\",\"description\":\"R\u00e9sidence Cadence offre des carri\u00e8res significatives. Nous recherchons des individus positifs et honn\u00eates, qui d\u00e9sirent faire partie d\u2019une \u00e9quipe dynamique.\",\"breadcrumb\":{\"@id\":\"https:\\\/\\\/cadenceresidence.com\\\/fr\\\/donations\\\/#breadcrumb\"},\"inLanguage\":\"fr-FR\",\"potentialAction\":[{\"@type\":\"ReadAction\",\"target\":[\"https:\\\/\\\/cadenceresidence.com\\\/fr\\\/donations\\\/\"]}]},{\"@type\":\"BreadcrumbList\",\"@id\":\"https:\\\/\\\/cadenceresidence.com\\\/fr\\\/donations\\\/#breadcrumb\",\"itemListElement\":[{\"@type\":\"ListItem\",\"position\":1,\"name\":\"Home\",\"item\":\"https:\\\/\\\/cadenceresidence.com\\\/fr\\\/\"},{\"@type\":\"ListItem\",\"position\":2,\"name\":\"Donations\"}]},{\"@type\":\"WebSite\",\"@id\":\"https:\\\/\\\/cadenceresidence.com\\\/#website\",\"url\":\"https:\\\/\\\/cadenceresidence.com\\\/\",\"name\":\"Cadence Residence\",\"description\":\"Live to your rhythm in a carefree senior living environment\",\"publisher\":{\"@id\":\"https:\\\/\\\/cadenceresidence.com\\\/#organization\"},\"potentialAction\":[{\"@type\":\"SearchAction\",\"target\":{\"@type\":\"EntryPoint\",\"urlTemplate\":\"https:\\\/\\\/cadenceresidence.com\\\/?s={search_term_string}\"},\"query-input\":{\"@type\":\"PropertyValueSpecification\",\"valueRequired\":true,\"valueName\":\"search_term_string\"}}],\"inLanguage\":\"fr-FR\"},{\"@type\":\"Organization\",\"@id\":\"https:\\\/\\\/cadenceresidence.com\\\/#organization\",\"name\":\"Cadence Residence\",\"url\":\"https:\\\/\\\/cadenceresidence.com\\\/\",\"logo\":{\"@type\":\"ImageObject\",\"inLanguage\":\"fr-FR\",\"@id\":\"https:\\\/\\\/cadenceresidence.com\\\/#\\\/schema\\\/logo\\\/image\\\/\",\"url\":\"https:\\\/\\\/cadenceresidence.com\\\/wp-content\\\/uploads\\\/2017\\\/05\\\/Cadence-Residence_Logo.png\",\"contentUrl\":\"https:\\\/\\\/cadenceresidence.com\\\/wp-content\\\/uploads\\\/2017\\\/05\\\/Cadence-Residence_Logo.png\",\"width\":650,\"height\":413,\"caption\":\"Cadence Residence\"},\"image\":{\"@id\":\"https:\\\/\\\/cadenceresidence.com\\\/#\\\/schema\\\/logo\\\/image\\\/\"},\"sameAs\":[\"https:\\\/\\\/www.facebook.com\\\/cadenceresidence\\\/\",\"https:\\\/\\\/www.youtube.com\\\/channel\\\/UCRWdWCFfxQCJZgRZnfUfwrQ\\\/featured\"]}]}<\/script>\n<!-- \/ Yoast SEO plugin. -->","yoast_head_json":{"title":"Donations - Cadence Residence","description":"R\u00e9sidence Cadence offre des carri\u00e8res significatives. Nous recherchons des individus positifs et honn\u00eates, qui d\u00e9sirent faire partie d\u2019une \u00e9quipe dynamique.","robots":{"index":"index","follow":"follow","max-snippet":"max-snippet:-1","max-image-preview":"max-image-preview:large","max-video-preview":"max-video-preview:-1"},"canonical":"https:\/\/cadenceresidence.com\/fr\/donations\/","og_locale":"fr_FR","og_type":"article","og_title":"Donations - Cadence Residence","og_description":"R\u00e9sidence Cadence offre des carri\u00e8res significatives. Nous recherchons des individus positifs et honn\u00eates, qui d\u00e9sirent faire partie d\u2019une \u00e9quipe dynamique.","og_url":"https:\/\/cadenceresidence.com\/fr\/donations\/","og_site_name":"Cadence Residence","article_publisher":"https:\/\/www.facebook.com\/cadenceresidence\/","article_modified_time":"2018-04-25T15:41:34+00:00","og_image":[{"width":650,"height":413,"url":"https:\/\/cadenceresidence.com\/wp-content\/uploads\/2017\/05\/Cadence-Residence_Logo.png","type":"image\/png"}],"twitter_card":"summary_large_image","twitter_misc":{"Dur\u00e9e de lecture estim\u00e9e":"2 minutes"},"schema":{"@context":"https:\/\/schema.org","@graph":[{"@type":"WebPage","@id":"https:\/\/cadenceresidence.com\/fr\/donations\/","url":"https:\/\/cadenceresidence.com\/fr\/donations\/","name":"Donations - Cadence Residence","isPartOf":{"@id":"https:\/\/cadenceresidence.com\/#website"},"datePublished":"2018-04-20T13:42:33+00:00","dateModified":"2018-04-25T15:41:34+00:00","description":"R\u00e9sidence Cadence offre des carri\u00e8res significatives. Nous recherchons des individus positifs et honn\u00eates, qui d\u00e9sirent faire partie d\u2019une \u00e9quipe dynamique.","breadcrumb":{"@id":"https:\/\/cadenceresidence.com\/fr\/donations\/#breadcrumb"},"inLanguage":"fr-FR","potentialAction":[{"@type":"ReadAction","target":["https:\/\/cadenceresidence.com\/fr\/donations\/"]}]},{"@type":"BreadcrumbList","@id":"https:\/\/cadenceresidence.com\/fr\/donations\/#breadcrumb","itemListElement":[{"@type":"ListItem","position":1,"name":"Home","item":"https:\/\/cadenceresidence.com\/fr\/"},{"@type":"ListItem","position":2,"name":"Donations"}]},{"@type":"WebSite","@id":"https:\/\/cadenceresidence.com\/#website","url":"https:\/\/cadenceresidence.com\/","name":"Cadence Residence","description":"Live to your rhythm in a carefree senior living environment","publisher":{"@id":"https:\/\/cadenceresidence.com\/#organization"},"potentialAction":[{"@type":"SearchAction","target":{"@type":"EntryPoint","urlTemplate":"https:\/\/cadenceresidence.com\/?s={search_term_string}"},"query-input":{"@type":"PropertyValueSpecification","valueRequired":true,"valueName":"search_term_string"}}],"inLanguage":"fr-FR"},{"@type":"Organization","@id":"https:\/\/cadenceresidence.com\/#organization","name":"Cadence Residence","url":"https:\/\/cadenceresidence.com\/","logo":{"@type":"ImageObject","inLanguage":"fr-FR","@id":"https:\/\/cadenceresidence.com\/#\/schema\/logo\/image\/","url":"https:\/\/cadenceresidence.com\/wp-content\/uploads\/2017\/05\/Cadence-Residence_Logo.png","contentUrl":"https:\/\/cadenceresidence.com\/wp-content\/uploads\/2017\/05\/Cadence-Residence_Logo.png","width":650,"height":413,"caption":"Cadence Residence"},"image":{"@id":"https:\/\/cadenceresidence.com\/#\/schema\/logo\/image\/"},"sameAs":["https:\/\/www.facebook.com\/cadenceresidence\/","https:\/\/www.youtube.com\/channel\/UCRWdWCFfxQCJZgRZnfUfwrQ\/featured"]}]}},"_links":{"self":[{"href":"https:\/\/cadenceresidence.com\/fr\/wp-json\/wp\/v2\/pages\/950","targetHints":{"allow":["GET"]}}],"collection":[{"href":"https:\/\/cadenceresidence.com\/fr\/wp-json\/wp\/v2\/pages"}],"about":[{"href":"https:\/\/cadenceresidence.com\/fr\/wp-json\/wp\/v2\/types\/page"}],"author":[{"embeddable":true,"href":"https:\/\/cadenceresidence.com\/fr\/wp-json\/wp\/v2\/users\/2"}],"replies":[{"embeddable":true,"href":"https:\/\/cadenceresidence.com\/fr\/wp-json\/wp\/v2\/comments?post=950"}],"version-history":[{"count":9,"href":"https:\/\/cadenceresidence.com\/fr\/wp-json\/wp\/v2\/pages\/950\/revisions"}],"predecessor-version":[{"id":992,"href":"https:\/\/cadenceresidence.com\/fr\/wp-json\/wp\/v2\/pages\/950\/revisions\/992"}],"wp:attachment":[{"href":"https:\/\/cadenceresidence.com\/fr\/wp-json\/wp\/v2\/media?parent=950"}],"curies":[{"name":"wp","href":"https:\/\/api.w.org\/{rel}","templated":true}]}}