{"id":718,"date":"2017-06-28T17:54:03","date_gmt":"2017-06-28T17:54:03","guid":{"rendered":"http:\/\/cadenceresidence.com\/?page_id=718\/"},"modified":"2022-07-05T15:33:03","modified_gmt":"2022-07-05T15:33:03","slug":"how-to-apply","status":"publish","type":"page","link":"https:\/\/cadenceresidence.com\/fr\/how-to-apply\/","title":{"rendered":"Faire demande"},"content":{"rendered":"<div class=\"wpb-content-wrapper\"><p>[vc_row header_feature=\u00a0\u00bbyes\u00a0\u00bb enable_first_overlay=\u00a0\u00bbtrue\u00a0\u00bb first_overlay_opacity=\u00a0\u00bb100&Prime; first_background_color=\u00a0\u00bb#6d7f54&Prime; enable_bottom_separator=\u00a0\u00bbtrue\u00a0\u00bb bottom_separator_style=\u00a0\u00bbblob-center\u00a0\u00bb][vc_column][\/vc_column][\/vc_row][vc_row equal_column_height=\u00a0\u00bbmiddle-content\u00a0\u00bb padding_top=\u00a0\u00bb45&Prime;][vc_column]<h3 class=\"grve-element grve-title grve-align-center grve-h3\" style=\"\"><span>Crit\u00e8res d'admissions pour les r\u00e9sidents<span class=\"grve-title-line grve-bg-primary-2\" style=\"width: 250px;height: 3px;\"><\/span><\/span><\/h3>[vc_column_text]<\/p>\n<ul>\n<li>Ambulatoire, peut marcher seul, serait capable d\u2019auto\u00e9vacuation en cas d\u2019urgence<\/li>\n<li>Les appareils fonctionnels sont permis et si un tel appareil est utilis\u00e9, la personne doit pouvoir effectuer seul le transfert d\u2019un fauteuil roulant \u00e0 une chaise, au lit ou \u00e0 la toilette<\/li>\n<li>Capable de prendre seul des d\u00e9cisions<\/li>\n<li>Apte \u00e0 r\u00e9aliser les activit\u00e9s de la vie quotidienne<\/li>\n<li>Peut \u00eatre laiss\u00e9 seul, en toute s\u00e9curit\u00e9, sans surveillance, 24 heures sur 24<\/li>\n<li>Capable de manger sans aide<\/li>\n<li>Fonction mentale normale<\/li>\n<li>Ne doit pas souffrir d\u2019incontinence f\u00e9cale ou urinaire, \u00e0 moins de pouvoir se changer seul<\/li>\n<li>Apte \u00e0 communiquer, se servir du t\u00e9l\u00e9phone, faire des appels d\u2019urgence<\/li>\n<li>Capable de fixer des rendez-vous avec un m\u00e9decin et se rendre seul au bureau du m\u00e9decin<\/li>\n<li>Doit fournir une \u00e9valuation m\u00e9dicale r\u00e9cente des dossiers d\u2019un m\u00e9decin (\u00e9valuation fonctionnelle et sociale)<\/li>\n<\/ul>\n<p>Si la sant\u00e9 du r\u00e9sident d\u00e9t\u00e9riore \u00e0 un point tel que cela puisse poser un risque pour sa propre s\u00e9curit\u00e9 ou celle d\u2019autres r\u00e9sidents ou que cela nuise consid\u00e9rablement \u00e0 la jouissance raisonnable du complexe, le r\u00e9sident aura les choix suivants:<\/p>\n<ul>\n<li>Conclure un contrat ou prendre d\u2019autres dispositions avec un fournisseur de soins de sant\u00e9 externe pour obtenir les soins suppl\u00e9mentaires n\u00e9cessaires, ou<\/li>\n<li>Donner son avis de r\u00e9siliation (rupture de contrat) et faire le n\u00e9cessaire pour le \u00a0transfert \u00e0 un autre \u00e9tablissement.<\/li>\n<\/ul>\n<p>[\/vc_column_text][\/vc_column][\/vc_row][vc_row heading_color=\u00a0\u00bblight\u00a0\u00bb footer_feature=\u00a0\u00bbyes\u00a0\u00bb enable_first_overlay=\u00a0\u00bbtrue\u00a0\u00bb first_overlay_opacity=\u00a0\u00bb100&Prime; first_background_color=\u00a0\u00bb#6e868d\u00a0\u00bb enable_top_separator=\u00a0\u00bbtrue\u00a0\u00bb top_separator_style=\u00a0\u00bbblob-right\u00a0\u00bb font_color=\u00a0\u00bb#ffffff\u00a0\u00bb padding_bottom=\u00a0\u00bb60&Prime;][vc_column][vc_column_text css=\u00a0\u00bb.vc_custom_1499348605197{padding-bottom: 17px !important;}\u00a0\u00bb]<\/p>\n<p style=\"text-align: center;\"><strong>Si vous souhaitez devenir r\u00e9sident, vous devez:<\/strong><\/p>\n<h3 style=\"text-align: center;\">1. Remplir le formulaire de demande (2 pages).<\/h3>\n<h3 style=\"text-align: center;\">2. Fournir\u00a0<span lang=\"fr\">votre formulaire d&rsquo;\u00e9valuation m\u00e9dicale compl\u00e9t\u00e9 (inclus dans le formulaire ci-dessous).<\/span><\/h3>\n<p>[\/vc_column_text]<div class=\"grve-element grve-align-left\"><a href=\"http:\/\/cadenceresidence.com\/wp-content\/uploads\/2022\/07\/Formulaire_de_demande2022.pdf\" target=\"_blank\" class=\"grve-btn grve-btn-medium grve-square grve-bg-primary-2 grve-bg-hover-primary-3 grve-fullwidth-btn grve-fluid-btn-short\"><span>T\u00e9l\u00e9chargez formulaire<\/span><\/a><\/div>[vc_row_inner css=\u00a0\u00bb.vc_custom_1498160161188{padding-bottom: 64px !important;}\u00a0\u00bb][vc_column_inner][vc_column_text css=\u00a0\u00bb.vc_custom_1657035143234{padding-top: 32px !important;padding-bottom: 32px !important;}\u00a0\u00bb]<\/p>\n<p style=\"text-align: center;\">Faire parvenir votre formulaire d\u00fbment rempli \u00e0 ou par la poste:<\/p>\n<p>\u00a0[\/vc_column_text][vc_column_text css=\u00a0\u00bb.vc_custom_1657035175665{padding-top: 25px !important;padding-right: 25px !important;padding-bottom: 25px !important;padding-left: 25px !important;background-color: #ffffff !important;border-radius: 10px !important;}\u00a0\u00bb]<\/p>\n<p style=\"text-align: center;\"><span style=\"color: #6d7f54;\">R\u00e9sidence Cadence<\/span><br \/>\n<span style=\"color: #6d7f54;\">Boite 135<\/span><br \/>\n<span style=\"color: #6d7f54;\">500-12i\u00e8me avenue nord<\/span><br \/>\n<span style=\"color: #6d7f54;\">Cochrane, ON<\/span><br \/>\n<span style=\"color: #6d7f54;\">P0L 1C0<\/span><\/p>\n<p>\u00a0[\/vc_column_text][\/vc_column_inner][\/vc_row_inner][\/vc_column][\/vc_row]<\/p>\n<\/div>","protected":false},"excerpt":{"rendered":"<p>[vc_row header_feature=\u00a0\u00bbyes\u00a0\u00bb enable_first_overlay=\u00a0\u00bbtrue\u00a0\u00bb first_overlay_opacity=\u00a0\u00bb100&Prime; first_background_color=\u00a0\u00bb#6d7f54&Prime; enable_bottom_separator=\u00a0\u00bbtrue\u00a0\u00bb bottom_separator_style=\u00a0\u00bbblob-center\u00a0\u00bb][vc_column][\/vc_column][\/vc_row][vc_row equal_column_height=\u00a0\u00bbmiddle-content\u00a0\u00bb padding_top=\u00a0\u00bb45&Prime;][vc_column][vc_column_text] Ambulatoire, peut marcher seul, serait capable d\u2019auto\u00e9vacuation en cas d\u2019urgence Les appareils fonctionnels sont permis et si un tel appareil est utilis\u00e9, la personne doit pouvoir effectuer seul le transfert d\u2019un fauteuil roulant \u00e0 une chaise, au lit ou \u00e0 la toilette Capable de prendre seul<\/p>\n","protected":false},"author":1,"featured_media":0,"parent":0,"menu_order":0,"comment_status":"closed","ping_status":"closed","template":"","meta":{"footnotes":""},"class_list":["post-718","page","type-page","status-publish","hentry"],"yoast_head":"<!-- This site is optimized with the Yoast SEO plugin v27.3 - https:\/\/yoast.com\/product\/yoast-seo-wordpress\/ -->\n<title>Faire demande - Cadence Residence<\/title>\n<meta name=\"description\" content=\"Apprenez comment faire demande pour \u00eatre r\u00e9sident \u00e0 la R\u00e9sidence Cadence, y inclus l&#039;information sur les crit\u00e8res d&#039;admissions et le formulaire de demande.\" \/>\n<meta name=\"robots\" content=\"index, follow, max-snippet:-1, max-image-preview:large, max-video-preview:-1\" \/>\n<link rel=\"canonical\" href=\"https:\/\/cadenceresidence.com\/how-to-apply\/\" \/>\n<meta property=\"og:locale\" content=\"fr_FR\" \/>\n<meta property=\"og:type\" content=\"article\" \/>\n<meta property=\"og:title\" content=\"Faire demande - Cadence Residence\" \/>\n<meta property=\"og:description\" content=\"Apprenez comment faire demande pour \u00eatre r\u00e9sident \u00e0 la R\u00e9sidence Cadence, y inclus l&#039;information sur les crit\u00e8res d&#039;admissions et le formulaire de demande.\" \/>\n<meta property=\"og:url\" content=\"https:\/\/cadenceresidence.com\/how-to-apply\/\" \/>\n<meta property=\"og:site_name\" content=\"Cadence Residence\" \/>\n<meta property=\"article:publisher\" content=\"https:\/\/www.facebook.com\/cadenceresidence\/\" \/>\n<meta property=\"article:modified_time\" content=\"2022-07-05T15:33:03+00:00\" \/>\n<meta property=\"og:image\" content=\"https:\/\/cadenceresidence.com\/wp-content\/uploads\/2017\/05\/Cadence-Residence_Logo.png\" \/>\n\t<meta property=\"og:image:width\" content=\"650\" \/>\n\t<meta property=\"og:image:height\" content=\"413\" \/>\n\t<meta property=\"og:image:type\" content=\"image\/png\" \/>\n<meta name=\"twitter:card\" content=\"summary_large_image\" \/>\n<meta name=\"twitter:label1\" content=\"Dur\u00e9e de lecture estim\u00e9e\" \/>\n\t<meta name=\"twitter:data1\" content=\"2 minutes\" \/>\n<script type=\"application\/ld+json\" class=\"yoast-schema-graph\">{\"@context\":\"https:\\\/\\\/schema.org\",\"@graph\":[{\"@type\":\"WebPage\",\"@id\":\"https:\\\/\\\/cadenceresidence.com\\\/how-to-apply\\\/\",\"url\":\"https:\\\/\\\/cadenceresidence.com\\\/how-to-apply\\\/\",\"name\":\"Faire demande - Cadence Residence\",\"isPartOf\":{\"@id\":\"https:\\\/\\\/cadenceresidence.com\\\/#website\"},\"datePublished\":\"2017-06-28T17:54:03+00:00\",\"dateModified\":\"2022-07-05T15:33:03+00:00\",\"description\":\"Apprenez comment faire demande pour \u00eatre r\u00e9sident \u00e0 la R\u00e9sidence Cadence, y inclus l'information sur les crit\u00e8res d'admissions et le formulaire de demande.\",\"breadcrumb\":{\"@id\":\"https:\\\/\\\/cadenceresidence.com\\\/how-to-apply\\\/#breadcrumb\"},\"inLanguage\":\"fr-FR\",\"potentialAction\":[{\"@type\":\"ReadAction\",\"target\":[\"https:\\\/\\\/cadenceresidence.com\\\/how-to-apply\\\/\"]}]},{\"@type\":\"BreadcrumbList\",\"@id\":\"https:\\\/\\\/cadenceresidence.com\\\/how-to-apply\\\/#breadcrumb\",\"itemListElement\":[{\"@type\":\"ListItem\",\"position\":1,\"name\":\"Home\",\"item\":\"https:\\\/\\\/cadenceresidence.com\\\/fr\\\/\"},{\"@type\":\"ListItem\",\"position\":2,\"name\":\"Faire demande\"}]},{\"@type\":\"WebSite\",\"@id\":\"https:\\\/\\\/cadenceresidence.com\\\/#website\",\"url\":\"https:\\\/\\\/cadenceresidence.com\\\/\",\"name\":\"Cadence Residence\",\"description\":\"Live to your rhythm in a carefree senior living environment\",\"publisher\":{\"@id\":\"https:\\\/\\\/cadenceresidence.com\\\/#organization\"},\"potentialAction\":[{\"@type\":\"SearchAction\",\"target\":{\"@type\":\"EntryPoint\",\"urlTemplate\":\"https:\\\/\\\/cadenceresidence.com\\\/?s={search_term_string}\"},\"query-input\":{\"@type\":\"PropertyValueSpecification\",\"valueRequired\":true,\"valueName\":\"search_term_string\"}}],\"inLanguage\":\"fr-FR\"},{\"@type\":\"Organization\",\"@id\":\"https:\\\/\\\/cadenceresidence.com\\\/#organization\",\"name\":\"Cadence Residence\",\"url\":\"https:\\\/\\\/cadenceresidence.com\\\/\",\"logo\":{\"@type\":\"ImageObject\",\"inLanguage\":\"fr-FR\",\"@id\":\"https:\\\/\\\/cadenceresidence.com\\\/#\\\/schema\\\/logo\\\/image\\\/\",\"url\":\"https:\\\/\\\/cadenceresidence.com\\\/wp-content\\\/uploads\\\/2017\\\/05\\\/Cadence-Residence_Logo.png\",\"contentUrl\":\"https:\\\/\\\/cadenceresidence.com\\\/wp-content\\\/uploads\\\/2017\\\/05\\\/Cadence-Residence_Logo.png\",\"width\":650,\"height\":413,\"caption\":\"Cadence Residence\"},\"image\":{\"@id\":\"https:\\\/\\\/cadenceresidence.com\\\/#\\\/schema\\\/logo\\\/image\\\/\"},\"sameAs\":[\"https:\\\/\\\/www.facebook.com\\\/cadenceresidence\\\/\",\"https:\\\/\\\/www.youtube.com\\\/channel\\\/UCRWdWCFfxQCJZgRZnfUfwrQ\\\/featured\"]}]}<\/script>\n<!-- \/ Yoast SEO plugin. -->","yoast_head_json":{"title":"Faire demande - Cadence Residence","description":"Apprenez comment faire demande pour \u00eatre r\u00e9sident \u00e0 la R\u00e9sidence Cadence, y inclus l'information sur les crit\u00e8res d'admissions et le formulaire de demande.","robots":{"index":"index","follow":"follow","max-snippet":"max-snippet:-1","max-image-preview":"max-image-preview:large","max-video-preview":"max-video-preview:-1"},"canonical":"https:\/\/cadenceresidence.com\/how-to-apply\/","og_locale":"fr_FR","og_type":"article","og_title":"Faire demande - Cadence Residence","og_description":"Apprenez comment faire demande pour \u00eatre r\u00e9sident \u00e0 la R\u00e9sidence Cadence, y inclus l'information sur les crit\u00e8res d'admissions et le formulaire de demande.","og_url":"https:\/\/cadenceresidence.com\/how-to-apply\/","og_site_name":"Cadence Residence","article_publisher":"https:\/\/www.facebook.com\/cadenceresidence\/","article_modified_time":"2022-07-05T15:33:03+00:00","og_image":[{"width":650,"height":413,"url":"https:\/\/cadenceresidence.com\/wp-content\/uploads\/2017\/05\/Cadence-Residence_Logo.png","type":"image\/png"}],"twitter_card":"summary_large_image","twitter_misc":{"Dur\u00e9e de lecture estim\u00e9e":"2 minutes"},"schema":{"@context":"https:\/\/schema.org","@graph":[{"@type":"WebPage","@id":"https:\/\/cadenceresidence.com\/how-to-apply\/","url":"https:\/\/cadenceresidence.com\/how-to-apply\/","name":"Faire demande - Cadence Residence","isPartOf":{"@id":"https:\/\/cadenceresidence.com\/#website"},"datePublished":"2017-06-28T17:54:03+00:00","dateModified":"2022-07-05T15:33:03+00:00","description":"Apprenez comment faire demande pour \u00eatre r\u00e9sident \u00e0 la R\u00e9sidence Cadence, y inclus l'information sur les crit\u00e8res d'admissions et le formulaire de demande.","breadcrumb":{"@id":"https:\/\/cadenceresidence.com\/how-to-apply\/#breadcrumb"},"inLanguage":"fr-FR","potentialAction":[{"@type":"ReadAction","target":["https:\/\/cadenceresidence.com\/how-to-apply\/"]}]},{"@type":"BreadcrumbList","@id":"https:\/\/cadenceresidence.com\/how-to-apply\/#breadcrumb","itemListElement":[{"@type":"ListItem","position":1,"name":"Home","item":"https:\/\/cadenceresidence.com\/fr\/"},{"@type":"ListItem","position":2,"name":"Faire demande"}]},{"@type":"WebSite","@id":"https:\/\/cadenceresidence.com\/#website","url":"https:\/\/cadenceresidence.com\/","name":"Cadence Residence","description":"Live to your rhythm in a carefree senior living environment","publisher":{"@id":"https:\/\/cadenceresidence.com\/#organization"},"potentialAction":[{"@type":"SearchAction","target":{"@type":"EntryPoint","urlTemplate":"https:\/\/cadenceresidence.com\/?s={search_term_string}"},"query-input":{"@type":"PropertyValueSpecification","valueRequired":true,"valueName":"search_term_string"}}],"inLanguage":"fr-FR"},{"@type":"Organization","@id":"https:\/\/cadenceresidence.com\/#organization","name":"Cadence Residence","url":"https:\/\/cadenceresidence.com\/","logo":{"@type":"ImageObject","inLanguage":"fr-FR","@id":"https:\/\/cadenceresidence.com\/#\/schema\/logo\/image\/","url":"https:\/\/cadenceresidence.com\/wp-content\/uploads\/2017\/05\/Cadence-Residence_Logo.png","contentUrl":"https:\/\/cadenceresidence.com\/wp-content\/uploads\/2017\/05\/Cadence-Residence_Logo.png","width":650,"height":413,"caption":"Cadence Residence"},"image":{"@id":"https:\/\/cadenceresidence.com\/#\/schema\/logo\/image\/"},"sameAs":["https:\/\/www.facebook.com\/cadenceresidence\/","https:\/\/www.youtube.com\/channel\/UCRWdWCFfxQCJZgRZnfUfwrQ\/featured"]}]}},"_links":{"self":[{"href":"https:\/\/cadenceresidence.com\/fr\/wp-json\/wp\/v2\/pages\/718","targetHints":{"allow":["GET"]}}],"collection":[{"href":"https:\/\/cadenceresidence.com\/fr\/wp-json\/wp\/v2\/pages"}],"about":[{"href":"https:\/\/cadenceresidence.com\/fr\/wp-json\/wp\/v2\/types\/page"}],"author":[{"embeddable":true,"href":"https:\/\/cadenceresidence.com\/fr\/wp-json\/wp\/v2\/users\/1"}],"replies":[{"embeddable":true,"href":"https:\/\/cadenceresidence.com\/fr\/wp-json\/wp\/v2\/comments?post=718"}],"version-history":[{"count":12,"href":"https:\/\/cadenceresidence.com\/fr\/wp-json\/wp\/v2\/pages\/718\/revisions"}],"predecessor-version":[{"id":1174,"href":"https:\/\/cadenceresidence.com\/fr\/wp-json\/wp\/v2\/pages\/718\/revisions\/1174"}],"wp:attachment":[{"href":"https:\/\/cadenceresidence.com\/fr\/wp-json\/wp\/v2\/media?parent=718"}],"curies":[{"name":"wp","href":"https:\/\/api.w.org\/{rel}","templated":true}]}}