{"id":654,"date":"2017-06-28T16:35:53","date_gmt":"2017-06-28T16:35:53","guid":{"rendered":"http:\/\/cadenceresidence.com\/?page_id=654\/"},"modified":"2019-05-15T16:03:48","modified_gmt":"2019-05-15T16:03:48","slug":"acceuil","status":"publish","type":"page","link":"https:\/\/cadenceresidence.com\/fr\/","title":{"rendered":"Acceuil"},"content":{"rendered":"<div class=\"wpb-content-wrapper\"><p>[vc_row heading_color=\u00a0\u00bblight\u00a0\u00bb equal_column_height=\u00a0\u00bbmiddle-content\u00a0\u00bb header_feature=\u00a0\u00bbyes\u00a0\u00bb enable_first_overlay=\u00a0\u00bbtrue\u00a0\u00bb first_overlay_opacity=\u00a0\u00bb100&Prime; first_background_color=\u00a0\u00bb#6d7f54&Prime; enable_bottom_separator=\u00a0\u00bbtrue\u00a0\u00bb bottom_separator_style=\u00a0\u00bbblob-center\u00a0\u00bb flex_height=\u00a0\u00bbyes\u00a0\u00bb middle_content=\u00a0\u00bbyes\u00a0\u00bb font_color=\u00a0\u00bb#ffffff\u00a0\u00bb padding_top=\u00a0\u00bb30&Prime;][vc_column css=\u00a0\u00bb.vc_custom_1495658339890{padding-right: 16px !important;padding-bottom: 32px !important;padding-left: 16px !important;}\u00a0\u00bb][vc_column_text text_style=\u00a0\u00bbsubtitle\u00a0\u00bb]<\/p>\n<p style=\"text-align: center;\">Vivre \u00e0 votre rythme dans un environnement de vie agr\u00e9able.<\/p>\n<p>[\/vc_column_text][\/vc_column][\/vc_row][vc_row enable_bottom_separator=\u00a0\u00bbtrue\u00a0\u00bb bottom_separator_style=\u00a0\u00bbblob-right\u00a0\u00bb bottom_separator_color=\u00a0\u00bb#6e868d\u00a0\u00bb padding_top=\u00a0\u00bb45&Prime;][vc_column width=\u00a0\u00bb1\/2&Prime;]<h3 class=\"grve-element grve-title grve-align-center grve-h3\" style=\"\"><span>Commodit\u00e9s tout inclus<\/span><\/h3>[vc_column_text css=\u00a0\u00bb.vc_custom_1498667906416{padding-left: 60px !important;}\u00a0\u00bb]<\/p>\n<ul>\n<li>Trois (3) repas \u00e0 base de produits frais par jour<\/li>\n<li>Entretien m\u00e9nager l\u00e9ger et lavage du linge de lit chaque semaine<\/li>\n<li>Activit\u00e9s sociales et r\u00e9cr\u00e9atives quotidiennes<\/li>\n<li>Programme d\u2019exercices<\/li>\n<\/ul>\n<p>[\/vc_column_text]<div class=\"grve-element grve-align-center\"><a href=\"http:\/\/cadenceresidence.com\/fr\/amenities\/\" class=\"grve-btn grve-btn-extrasmall grve-round grve-bg-primary-1 grve-bg-hover-primary-2\"><span>En lire davatange<\/span><\/a><\/div>[\/vc_column][vc_column width=\u00a0\u00bb1\/2&Prime;]<h3 class=\"grve-element grve-title grve-align-center grve-h3\" style=\"\"><span>Quatre grandeurs de suites<\/span><\/h3>[vc_column_text css=\u00a0\u00bb.vc_custom_1498668079520{padding-left: 60px !important;}\u00a0\u00bb]<\/p>\n<ul>\n<li>Mini &#8211; 335 pi<sup>2<\/sup><\/li>\n<li>Studio &#8211; 432 pi<sup>2<\/sup><\/li>\n<li>Une chambre &#8211; 520 pi<sup>2<\/sup><\/li>\n<li>Deux chambres &#8211; 726 pi<sup>2<\/sup><\/li>\n<\/ul>\n<p>[\/vc_column_text]<div class=\"grve-element grve-align-center\"><a href=\"http:\/\/cadenceresidence.com\/fr\/suites\/\" class=\"grve-btn grve-btn-extrasmall grve-round grve-bg-primary-1 grve-bg-hover-primary-2\"><span>En lire davantage<\/span><\/a><\/div>[\/vc_column][\/vc_row][vc_row heading_color=\u00a0\u00bblight\u00a0\u00bb enable_first_overlay=\u00a0\u00bbtrue\u00a0\u00bb first_overlay_opacity=\u00a0\u00bb100&Prime; first_background_color=\u00a0\u00bb#6e868d\u00a0\u00bb font_color=\u00a0\u00bb#ffffff\u00a0\u00bb margin_bottom=\u00a0\u00bb0px\u00a0\u00bb][vc_column css=\u00a0\u00bb.vc_custom_1495659280327{padding-top: 25px !important;}\u00a0\u00bb]<h3 class=\"grve-element grve-title grve-align-center grve-h1\" style=\"margin-bottom: 3px;\"><span>Contactez nous<\/span><\/h3><div data-id=\"mpc_divider-1669f332e8d2fc4\" class=\"mpc-divider-wrap\"><div class=\"mpc-divider mpc-init mpc-align--center mpc-disable--left \" ><div class=\"mpc-divider__line mpc-side--left\"><span><\/span><\/div><div class=\"mpc-divider__line mpc-side--right\"><span><\/span><\/div><\/div><\/div>[\/vc_column][\/vc_row][vc_row heading_color=\u00a0\u00bblight\u00a0\u00bb enable_first_overlay=\u00a0\u00bbtrue\u00a0\u00bb first_overlay_opacity=\u00a0\u00bb100&Prime; first_background_color=\u00a0\u00bb#6e868d\u00a0\u00bb enable_bottom_separator=\u00a0\u00bbtrue\u00a0\u00bb bottom_separator_style=\u00a0\u00bbblob-left\u00a0\u00bb bottom_separator_color=\u00a0\u00bb#424242&Prime; middle_content=\u00a0\u00bbyes\u00a0\u00bb font_color=\u00a0\u00bb#ffffff\u00a0\u00bb margin_bottom=\u00a0\u00bb0px\u00a0\u00bb][vc_column][vc_row_inner css=\u00a0\u00bb.vc_custom_1496253016975{padding-top: 32px !important;padding-bottom: 25px !important;}\u00a0\u00bb][vc_column_inner width=\u00a0\u00bb1\/2&Prime;]<div data-id=\"mpc_icon_column-7269f332e8d303a\" class=\"mpc-icon-column mpc-init mpc-parent-hover mpc-transition mpc-icon-column--style_5 mpc-align--right \" ><div data-id=\"mpc_icon-9569f332e8d3072\" class=\"mpc-icon mpc-init mpc-transition mpc-effect-none mpc-icon-hover \"><div class=\"mpc-icon-wrap\"><i class=\"mpc-icon-part mpc-regular mpc-transition  icnm icnm-mobile\"><\/i><i class=\"mpc-icon-part mpc-hover mpc-transition  icnm icnm-mobile\"><\/i><\/div><\/div><div class=\"mpc-icon-column__content-wrap\"><div class=\"mpc-icon-column__content\"><div data-id=\"mpc_divider-7769f332e8d309c\" class=\"mpc-divider-wrap\"><div class=\"mpc-divider mpc-init mpc-align--center mpc-disable--left \" ><div class=\"mpc-divider__line mpc-side--left\"><span><\/span><\/div><div class=\"mpc-divider__line mpc-side--right\"><span><\/span><\/div><\/div><\/div><div class=\"mpc-icon-column__description\"><p>T: <a href=\"tel:17052722720\">(705) 272-2720<\/a><br \/>\nTC: (705) 272-2772<\/p>\n<\/div><\/div><\/div><\/div>[\/vc_column_inner][vc_column_inner width=\u00a0\u00bb1\/2&Prime;]<div data-id=\"mpc_icon_column-3069f332e8d317d\" class=\"mpc-icon-column mpc-init mpc-parent-hover mpc-transition mpc-icon-column--style_3 mpc-align--left \" ><div data-id=\"mpc_icon-8069f332e8d319e\" class=\"mpc-icon mpc-init mpc-transition mpc-effect-none mpc-icon-hover \"><div class=\"mpc-icon-wrap\"><i class=\"mpc-icon-part mpc-regular mpc-transition  icnm icnm-home3\"><\/i><i class=\"mpc-icon-part mpc-hover mpc-transition  icnm icnm-home3\"><\/i><\/div><\/div><div class=\"mpc-icon-column__content-wrap\"><div class=\"mpc-icon-column__content\"><div data-id=\"mpc_divider-9569f332e8d31c0\" class=\"mpc-divider-wrap\"><div class=\"mpc-divider mpc-init mpc-align--center mpc-disable--left \" ><div class=\"mpc-divider__line mpc-side--left\"><span><\/span><\/div><div class=\"mpc-divider__line mpc-side--right\"><span><\/span><\/div><\/div><\/div><div class=\"mpc-icon-column__description\"><p class=\"p1\"><a href=\"https:\/\/goo.gl\/maps\/J5GNWxv4TW92\" target=\"_blank\" rel=\"noopener noreferrer\">500-12e ave. nord<br \/>\nCochrane, Ontario<\/a><\/p>\n<\/div><\/div><\/div><\/div>[\/vc_column_inner][\/vc_row_inner][vc_row_inner][vc_column_inner width=\u00a0\u00bb1\/6&Prime;][\/vc_column_inner][vc_column_inner width=\u00a0\u00bb2\/3&Prime;]<div class=\"grve-map-wrapper\">  <div class=\"grve-element grve-map\" data-lat=\"49.075525\" data-lng=\"-81.015984\" data-zoom=\"15\" data-disable-style=\"no\" style=\"height: 360px;\"><\/div>  <div style=\"display:none\" class=\"grve-map-point\" data-point-lat=\"49.075525\" data-point-lng=\"-81.015984\" data-point-marker=\"https:\/\/cadenceresidence.com\/wp-content\/uploads\/2017\/03\/mapmarker.png\" data-point-title=\"\"><\/div><\/div>[\/vc_column_inner][vc_column_inner width=\u00a0\u00bb1\/6&Prime;][\/vc_column_inner][\/vc_row_inner][\/vc_column][\/vc_row][vc_row heading_color=\u00a0\u00bblight\u00a0\u00bb equal_column_height=\u00a0\u00bbmiddle-content\u00a0\u00bb footer_feature=\u00a0\u00bbyes\u00a0\u00bb enable_first_overlay=\u00a0\u00bbtrue\u00a0\u00bb first_overlay_opacity=\u00a0\u00bb100&Prime; first_background_color=\u00a0\u00bb#424242&Prime; font_color=\u00a0\u00bb#ffffff\u00a0\u00bb padding_top=\u00a0\u00bb32&Prime; padding_bottom=\u00a0\u00bb32&Prime;][vc_column width=\u00a0\u00bb1\/4&Prime;][vc_column_text]<\/p>\n<p style=\"text-align: center;\">FIER D&rsquo;\u00caTRE MEMBRES DE:<\/p>\n<p>[\/vc_column_text][\/vc_column][vc_column width=\u00a0\u00bb1\/4&Prime;]<div class=\"grve-element grve-image grve-align-center\" style=\"\"><a href=\"http:\/\/www.orcaretirement.com\/\" target=\"_blank\" class=\" \"><img loading=\"lazy\" decoding=\"async\" width=\"183\" height=\"89\" src=\"https:\/\/cadenceresidence.com\/wp-content\/uploads\/2017\/03\/ORCA.png\" class=\"attachment-full size-full\" alt=\"Home Cadence Residence\" \/><\/a><\/div>[\/vc_column][vc_column width=\u00a0\u00bb1\/4&Prime;]<div class=\"grve-element grve-image grve-align-center\" style=\"\"><a href=\"http:\/\/www.carp.ca\/\" target=\"_blank\" class=\" \"><img loading=\"lazy\" decoding=\"async\" width=\"141\" height=\"45\" src=\"https:\/\/cadenceresidence.com\/wp-content\/uploads\/2017\/03\/CARP.png\" class=\"attachment-full size-full\" alt=\"Home Cadence Residence\" \/><\/a><\/div>[\/vc_column][vc_column width=\u00a0\u00bb1\/4&Prime;]<div class=\"grve-element grve-image grve-align-center\" style=\"\"><a href=\"http:\/\/www.cdssab.on.ca\/\" target=\"_blank\" class=\" \"><img loading=\"lazy\" decoding=\"async\" width=\"162\" height=\"131\" src=\"https:\/\/cadenceresidence.com\/wp-content\/uploads\/2017\/03\/CDSSAB2.png\" class=\"attachment-full size-full\" alt=\"Home Cadence Residence\" \/><\/a><\/div>[\/vc_column][\/vc_row]<\/p>\n<\/div>","protected":false},"excerpt":{"rendered":"<p>[vc_row heading_color=\u00a0\u00bblight\u00a0\u00bb equal_column_height=\u00a0\u00bbmiddle-content\u00a0\u00bb header_feature=\u00a0\u00bbyes\u00a0\u00bb enable_first_overlay=\u00a0\u00bbtrue\u00a0\u00bb first_overlay_opacity=\u00a0\u00bb100&Prime; first_background_color=\u00a0\u00bb#6d7f54&Prime; enable_bottom_separator=\u00a0\u00bbtrue\u00a0\u00bb bottom_separator_style=\u00a0\u00bbblob-center\u00a0\u00bb flex_height=\u00a0\u00bbyes\u00a0\u00bb middle_content=\u00a0\u00bbyes\u00a0\u00bb font_color=\u00a0\u00bb#ffffff\u00a0\u00bb padding_top=\u00a0\u00bb30&Prime;][vc_column css=\u00a0\u00bb.vc_custom_1495658339890{padding-right: 16px !important;padding-bottom: 32px !important;padding-left: 16px !important;}\u00a0\u00bb][vc_column_text text_style=\u00a0\u00bbsubtitle\u00a0\u00bb] Vivre \u00e0 votre rythme dans un environnement de vie agr\u00e9able. [\/vc_column_text][\/vc_column][\/vc_row][vc_row enable_bottom_separator=\u00a0\u00bbtrue\u00a0\u00bb bottom_separator_style=\u00a0\u00bbblob-right\u00a0\u00bb bottom_separator_color=\u00a0\u00bb#6e868d\u00a0\u00bb padding_top=\u00a0\u00bb45&Prime;][vc_column width=\u00a0\u00bb1\/2&Prime;][vc_column_text css=\u00a0\u00bb.vc_custom_1498667906416{padding-left: 60px !important;}\u00a0\u00bb] Trois (3) repas \u00e0 base de produits frais par jour Entretien m\u00e9nager l\u00e9ger et lavage<\/p>\n","protected":false},"author":1,"featured_media":0,"parent":0,"menu_order":0,"comment_status":"closed","ping_status":"closed","template":"","meta":{"footnotes":""},"class_list":["post-654","page","type-page","status-publish","hentry"],"yoast_head":"<!-- This site is optimized with the Yoast SEO plugin v27.5 - https:\/\/yoast.com\/product\/yoast-seo-wordpress\/ -->\n<title>Acceuil - Cadence Residence<\/title>\n<meta name=\"description\" content=\"La R\u00e9sidence Cadence, \u00e0 Cochrane, appartient au conseil d\u2019administration des services sociaux du district de Cochrane qui en est aussi l\u2019exploitant.\" \/>\n<meta name=\"robots\" content=\"index, follow, max-snippet:-1, max-image-preview:large, max-video-preview:-1\" \/>\n<link rel=\"canonical\" href=\"https:\/\/cadenceresidence.com\/fr\/\" \/>\n<meta property=\"og:locale\" content=\"fr_FR\" \/>\n<meta property=\"og:type\" content=\"article\" \/>\n<meta property=\"og:title\" content=\"Acceuil - Cadence Residence\" \/>\n<meta property=\"og:description\" content=\"La R\u00e9sidence Cadence, \u00e0 Cochrane, appartient au conseil d\u2019administration des services sociaux du district de Cochrane qui en est aussi l\u2019exploitant.\" \/>\n<meta property=\"og:url\" content=\"https:\/\/cadenceresidence.com\/fr\/\" \/>\n<meta property=\"og:site_name\" content=\"Cadence Residence\" \/>\n<meta property=\"article:publisher\" content=\"https:\/\/www.facebook.com\/cadenceresidence\/\" \/>\n<meta property=\"article:modified_time\" content=\"2019-05-15T16:03:48+00:00\" \/>\n<meta property=\"og:image\" content=\"https:\/\/cadenceresidence.com\/wp-content\/uploads\/2017\/05\/Cadence-Residence_Logo.png\" \/>\n\t<meta property=\"og:image:width\" content=\"650\" \/>\n\t<meta property=\"og:image:height\" content=\"413\" \/>\n\t<meta property=\"og:image:type\" content=\"image\/png\" \/>\n<meta name=\"twitter:card\" content=\"summary_large_image\" \/>\n<meta name=\"twitter:label1\" content=\"Dur\u00e9e de lecture estim\u00e9e\" \/>\n\t<meta name=\"twitter:data1\" content=\"3 minutes\" \/>\n<script type=\"application\/ld+json\" class=\"yoast-schema-graph\">{\"@context\":\"https:\\\/\\\/schema.org\",\"@graph\":[{\"@type\":\"WebPage\",\"@id\":\"https:\\\/\\\/cadenceresidence.com\\\/fr\\\/\",\"url\":\"https:\\\/\\\/cadenceresidence.com\\\/fr\\\/\",\"name\":\"Acceuil - Cadence Residence\",\"isPartOf\":{\"@id\":\"https:\\\/\\\/cadenceresidence.com\\\/#website\"},\"datePublished\":\"2017-06-28T16:35:53+00:00\",\"dateModified\":\"2019-05-15T16:03:48+00:00\",\"description\":\"La R\u00e9sidence Cadence, \u00e0 Cochrane, appartient au conseil d\u2019administration des services sociaux du district de Cochrane qui en est aussi l\u2019exploitant.\",\"breadcrumb\":{\"@id\":\"https:\\\/\\\/cadenceresidence.com\\\/fr\\\/#breadcrumb\"},\"inLanguage\":\"fr-FR\",\"potentialAction\":[{\"@type\":\"ReadAction\",\"target\":[\"https:\\\/\\\/cadenceresidence.com\\\/fr\\\/\"]}]},{\"@type\":\"BreadcrumbList\",\"@id\":\"https:\\\/\\\/cadenceresidence.com\\\/fr\\\/#breadcrumb\",\"itemListElement\":[{\"@type\":\"ListItem\",\"position\":1,\"name\":\"Home\",\"item\":\"https:\\\/\\\/cadenceresidence.com\\\/fr\\\/\"},{\"@type\":\"ListItem\",\"position\":2,\"name\":\"Acceuil\"}]},{\"@type\":\"WebSite\",\"@id\":\"https:\\\/\\\/cadenceresidence.com\\\/#website\",\"url\":\"https:\\\/\\\/cadenceresidence.com\\\/\",\"name\":\"Cadence Residence\",\"description\":\"Live to your rhythm in a carefree senior living environment\",\"publisher\":{\"@id\":\"https:\\\/\\\/cadenceresidence.com\\\/#organization\"},\"potentialAction\":[{\"@type\":\"SearchAction\",\"target\":{\"@type\":\"EntryPoint\",\"urlTemplate\":\"https:\\\/\\\/cadenceresidence.com\\\/?s={search_term_string}\"},\"query-input\":{\"@type\":\"PropertyValueSpecification\",\"valueRequired\":true,\"valueName\":\"search_term_string\"}}],\"inLanguage\":\"fr-FR\"},{\"@type\":\"Organization\",\"@id\":\"https:\\\/\\\/cadenceresidence.com\\\/#organization\",\"name\":\"Cadence Residence\",\"url\":\"https:\\\/\\\/cadenceresidence.com\\\/\",\"logo\":{\"@type\":\"ImageObject\",\"inLanguage\":\"fr-FR\",\"@id\":\"https:\\\/\\\/cadenceresidence.com\\\/#\\\/schema\\\/logo\\\/image\\\/\",\"url\":\"https:\\\/\\\/cadenceresidence.com\\\/wp-content\\\/uploads\\\/2017\\\/05\\\/Cadence-Residence_Logo.png\",\"contentUrl\":\"https:\\\/\\\/cadenceresidence.com\\\/wp-content\\\/uploads\\\/2017\\\/05\\\/Cadence-Residence_Logo.png\",\"width\":650,\"height\":413,\"caption\":\"Cadence Residence\"},\"image\":{\"@id\":\"https:\\\/\\\/cadenceresidence.com\\\/#\\\/schema\\\/logo\\\/image\\\/\"},\"sameAs\":[\"https:\\\/\\\/www.facebook.com\\\/cadenceresidence\\\/\",\"https:\\\/\\\/www.youtube.com\\\/channel\\\/UCRWdWCFfxQCJZgRZnfUfwrQ\\\/featured\"]}]}<\/script>\n<!-- \/ Yoast SEO plugin. -->","yoast_head_json":{"title":"Acceuil - Cadence Residence","description":"La R\u00e9sidence Cadence, \u00e0 Cochrane, appartient au conseil d\u2019administration des services sociaux du district de Cochrane qui en est aussi l\u2019exploitant.","robots":{"index":"index","follow":"follow","max-snippet":"max-snippet:-1","max-image-preview":"max-image-preview:large","max-video-preview":"max-video-preview:-1"},"canonical":"https:\/\/cadenceresidence.com\/fr\/","og_locale":"fr_FR","og_type":"article","og_title":"Acceuil - Cadence Residence","og_description":"La R\u00e9sidence Cadence, \u00e0 Cochrane, appartient au conseil d\u2019administration des services sociaux du district de Cochrane qui en est aussi l\u2019exploitant.","og_url":"https:\/\/cadenceresidence.com\/fr\/","og_site_name":"Cadence Residence","article_publisher":"https:\/\/www.facebook.com\/cadenceresidence\/","article_modified_time":"2019-05-15T16:03:48+00:00","og_image":[{"width":650,"height":413,"url":"https:\/\/cadenceresidence.com\/wp-content\/uploads\/2017\/05\/Cadence-Residence_Logo.png","type":"image\/png"}],"twitter_card":"summary_large_image","twitter_misc":{"Dur\u00e9e de lecture estim\u00e9e":"3 minutes"},"schema":{"@context":"https:\/\/schema.org","@graph":[{"@type":"WebPage","@id":"https:\/\/cadenceresidence.com\/fr\/","url":"https:\/\/cadenceresidence.com\/fr\/","name":"Acceuil - Cadence Residence","isPartOf":{"@id":"https:\/\/cadenceresidence.com\/#website"},"datePublished":"2017-06-28T16:35:53+00:00","dateModified":"2019-05-15T16:03:48+00:00","description":"La R\u00e9sidence Cadence, \u00e0 Cochrane, appartient au conseil d\u2019administration des services sociaux du district de Cochrane qui en est aussi l\u2019exploitant.","breadcrumb":{"@id":"https:\/\/cadenceresidence.com\/fr\/#breadcrumb"},"inLanguage":"fr-FR","potentialAction":[{"@type":"ReadAction","target":["https:\/\/cadenceresidence.com\/fr\/"]}]},{"@type":"BreadcrumbList","@id":"https:\/\/cadenceresidence.com\/fr\/#breadcrumb","itemListElement":[{"@type":"ListItem","position":1,"name":"Home","item":"https:\/\/cadenceresidence.com\/fr\/"},{"@type":"ListItem","position":2,"name":"Acceuil"}]},{"@type":"WebSite","@id":"https:\/\/cadenceresidence.com\/#website","url":"https:\/\/cadenceresidence.com\/","name":"Cadence Residence","description":"Live to your rhythm in a carefree senior living environment","publisher":{"@id":"https:\/\/cadenceresidence.com\/#organization"},"potentialAction":[{"@type":"SearchAction","target":{"@type":"EntryPoint","urlTemplate":"https:\/\/cadenceresidence.com\/?s={search_term_string}"},"query-input":{"@type":"PropertyValueSpecification","valueRequired":true,"valueName":"search_term_string"}}],"inLanguage":"fr-FR"},{"@type":"Organization","@id":"https:\/\/cadenceresidence.com\/#organization","name":"Cadence Residence","url":"https:\/\/cadenceresidence.com\/","logo":{"@type":"ImageObject","inLanguage":"fr-FR","@id":"https:\/\/cadenceresidence.com\/#\/schema\/logo\/image\/","url":"https:\/\/cadenceresidence.com\/wp-content\/uploads\/2017\/05\/Cadence-Residence_Logo.png","contentUrl":"https:\/\/cadenceresidence.com\/wp-content\/uploads\/2017\/05\/Cadence-Residence_Logo.png","width":650,"height":413,"caption":"Cadence Residence"},"image":{"@id":"https:\/\/cadenceresidence.com\/#\/schema\/logo\/image\/"},"sameAs":["https:\/\/www.facebook.com\/cadenceresidence\/","https:\/\/www.youtube.com\/channel\/UCRWdWCFfxQCJZgRZnfUfwrQ\/featured"]}]}},"_links":{"self":[{"href":"https:\/\/cadenceresidence.com\/fr\/wp-json\/wp\/v2\/pages\/654","targetHints":{"allow":["GET"]}}],"collection":[{"href":"https:\/\/cadenceresidence.com\/fr\/wp-json\/wp\/v2\/pages"}],"about":[{"href":"https:\/\/cadenceresidence.com\/fr\/wp-json\/wp\/v2\/types\/page"}],"author":[{"embeddable":true,"href":"https:\/\/cadenceresidence.com\/fr\/wp-json\/wp\/v2\/users\/1"}],"replies":[{"embeddable":true,"href":"https:\/\/cadenceresidence.com\/fr\/wp-json\/wp\/v2\/comments?post=654"}],"version-history":[{"count":6,"href":"https:\/\/cadenceresidence.com\/fr\/wp-json\/wp\/v2\/pages\/654\/revisions"}],"predecessor-version":[{"id":1125,"href":"https:\/\/cadenceresidence.com\/fr\/wp-json\/wp\/v2\/pages\/654\/revisions\/1125"}],"wp:attachment":[{"href":"https:\/\/cadenceresidence.com\/fr\/wp-json\/wp\/v2\/media?parent=654"}],"curies":[{"name":"wp","href":"https:\/\/api.w.org\/{rel}","templated":true}]}}