{"id":650,"date":"2017-06-28T16:18:12","date_gmt":"2017-06-28T16:18:12","guid":{"rendered":"http:\/\/cadenceresidence.com\/?page_id=650\/"},"modified":"2017-07-31T14:10:55","modified_gmt":"2017-07-31T14:10:55","slug":"suites-services","status":"publish","type":"page","link":"https:\/\/cadenceresidence.com\/fr\/suites-services\/","title":{"rendered":"Suites &#038; Services"},"content":{"rendered":"<div class=\"wpb-content-wrapper\"><p>[vc_row heading_color=\u00a0\u00bblight\u00a0\u00bb section_type=\u00a0\u00bbfullwidth\u00a0\u00bb header_feature=\u00a0\u00bbyes\u00a0\u00bb enable_first_overlay=\u00a0\u00bbtrue\u00a0\u00bb first_overlay_opacity=\u00a0\u00bb100&Prime; first_background_type=\u00a0\u00bbimage\u00a0\u00bb first_background_image=\u00a0\u00bb270&Prime; first_background_size=\u00a0\u00bbcover\u00a0\u00bb enable_bottom_separator=\u00a0\u00bbtrue\u00a0\u00bb bottom_separator_style=\u00a0\u00bbblob-left\u00a0\u00bb padding_top=\u00a0\u00bb150&Prime; padding_bottom=\u00a0\u00bb150&Prime; font_color=\u00a0\u00bb#ffffff\u00a0\u00bb][vc_column width=\u00a0\u00bb1\/2&Prime;][\/vc_column][vc_column width=\u00a0\u00bb1\/2&Prime;][vc_column_text css=\u00a0\u00bb.vc_custom_1498666731319{padding-top: 32px !important;padding-right: 32px !important;padding-bottom: 1px !important;padding-left: 32px !important;background-color: rgba(109,127,84,0.88) !important;*background-color: rgb(109,127,84) !important;}\u00a0\u00bb]<\/p>\n<h1 style=\"text-align: center;\">Suites &amp; services<\/h1>\n<p>[\/vc_column_text][\/vc_column][\/vc_row][vc_row footer_feature=\u00a0\u00bbyes\u00a0\u00bb enable_first_overlay=\u00a0\u00bbtrue\u00a0\u00bb first_overlay_opacity=\u00a0\u00bb100&Prime; first_background_color=\u00a0\u00bb#6e868d\u00a0\u00bb enable_top_separator=\u00a0\u00bbtrue\u00a0\u00bb top_separator_style=\u00a0\u00bbblob-right\u00a0\u00bb font_color=\u00a0\u00bb#ffffff\u00a0\u00bb padding_top=\u00a0\u00bb60&Prime; padding_bottom=\u00a0\u00bb60&Prime;][vc_column width=\u00a0\u00bb1\/2&Prime;]<h3 class=\"grve-element grve-title grve-align-left grve-h3\" style=\"\"><span>Loyer tout inclus ainsi que:<\/span><\/h3>[vc_column_text]<\/p>\n<ul>\n<li>Trois (3) repas \u00e0 base de produits frais par jour<br \/>\n(<a href=\"http:\/\/cadenceresidence.com\/wp-content\/uploads\/2017\/07\/Cadence_Info-Sheets_French_4-min.pdf\" target=\"_blank\" rel=\"noopener\">Voir exemples<\/a>)<\/li>\n<li>Entretien m\u00e9nager l\u00e9ger et lavage du linge de lit chaque semaine<\/li>\n<li>Rappel des m\u00e9dicaments de prescription<\/li>\n<li>Syst\u00e8me personnel d\u2019intervention d\u2019urgence<\/li>\n<li>Activit\u00e9s sociales et r\u00e9cr\u00e9atives quotidiennes<\/li>\n<li>Programme d\u2019exercices<br \/>\n(<a href=\"http:\/\/cadenceresidence.com\/wp-content\/uploads\/2017\/07\/Cadence_Info-Sheets_French_5-min.pdf\" target=\"_blank\" rel=\"noopener\">Voir exemples<\/a>)<\/li>\n<\/ul>\n<p>[\/vc_column_text][\/vc_column][vc_column width=\u00a0\u00bb1\/2&Prime;]<h3 class=\"grve-element grve-title grve-align-left grve-h3\" style=\"\"><span>COMMODIT\u00c9S DES SUITES<\/span><\/h3>[vc_column_text]<\/p>\n<ul>\n<li>Choix de suites de quatre dimensions diff\u00e9rentes<\/li>\n<li>Plan d\u2019ensemble \u00e0 acc\u00e8s sans obstacle<\/li>\n<li>Douches de plain-pied avec si\u00e8ge<\/li>\n<li>Salle de bains accessibles \u00e0 tous, ayant une toilette haute et des \u00a0barres d\u2019appui<\/li>\n<li>Petite cuisinette dot\u00e9e d\u2019un r\u00e9frig\u00e9rateur compact et d\u2019un seul \u00e9vier<\/li>\n<li>Chauffage et climatisation \u00e0 autocontr\u00f4le<\/li>\n<li>Planchers sans tapis<\/li>\n<li>Stores pour fen\u00eatres<\/li>\n<li>Garde-robes spacieuses<\/li>\n<li>Porte ext\u00e9rieure et patio priv\u00e9 dans chaque suite<\/li>\n<li>C\u00e2bl\u00e9es pour la t\u00e9l\u00e9vision, le t\u00e9l\u00e9phone et l\u2019Internet sans fil<\/li>\n<\/ul>\n<p>[\/vc_column_text][\/vc_column][vc_column css=\u00a0\u00bb.vc_custom_1498063366878{padding-top: 32px !important;}\u00a0\u00bb]<div class=\"grve-element grve-gallery grve-isotope grve-gallery-popup grve-with-gap\" style=\"\" data-columns=\"3\" data-columns-tablet-landscape=\"2\" data-columns-tablet-portrait=\"2\" data-columns-mobile=\"2\" data-layout=\"masonry\" data-gutter-size=\"25\">  <div class=\"grve-isotope-container\"><div class=\"grve-isotope-item grve-gallery-item  grve-image-square\">  <a href=\"https:\/\/cadenceresidence.com\/wp-content\/uploads\/2017\/03\/JPEG-0041-1920x1280.jpg\">    <figure class=\"grve-hover-style-1 grve-image-hover grve-zoom-none\">      <div class=\"grve-media\">        <div class=\"grve-hover-overlay grve-bg-light grve-opacity-20\"><\/div><img loading=\"lazy\" decoding=\"async\" width=\"600\" height=\"400\" src=\"https:\/\/cadenceresidence.com\/wp-content\/uploads\/2017\/03\/JPEG-0041-1920x1280.jpg\" class=\"attachment-blade-grve-small-square size-blade-grve-small-square\" alt=\"\" srcset=\"https:\/\/cadenceresidence.com\/wp-content\/uploads\/2017\/03\/JPEG-0041-1920x1280.jpg 1920w, https:\/\/cadenceresidence.com\/wp-content\/uploads\/2017\/03\/JPEG-0041-1920x1280-300x200.jpg 300w, https:\/\/cadenceresidence.com\/wp-content\/uploads\/2017\/03\/JPEG-0041-1920x1280-768x512.jpg 768w, https:\/\/cadenceresidence.com\/wp-content\/uploads\/2017\/03\/JPEG-0041-1920x1280-1024x683.jpg 1024w\" sizes=\"auto, (max-width: 600px) 100vw, 600px\" \/>      <\/div>      <figcaption>        <div class=\"grve-gallery-content\">        <\/div>      <\/figcaption>    <\/figure>  <\/a><\/div><div class=\"grve-isotope-item grve-gallery-item  grve-image-square\">  <a href=\"https:\/\/cadenceresidence.com\/wp-content\/uploads\/2017\/03\/JPEG-0037-1920x1280.jpg\">    <figure class=\"grve-hover-style-1 grve-image-hover grve-zoom-none\">      <div class=\"grve-media\">        <div class=\"grve-hover-overlay grve-bg-light grve-opacity-20\"><\/div><img loading=\"lazy\" decoding=\"async\" width=\"600\" height=\"400\" src=\"https:\/\/cadenceresidence.com\/wp-content\/uploads\/2017\/03\/JPEG-0037-1920x1280.jpg\" class=\"attachment-blade-grve-small-square size-blade-grve-small-square\" alt=\"\" srcset=\"https:\/\/cadenceresidence.com\/wp-content\/uploads\/2017\/03\/JPEG-0037-1920x1280.jpg 1920w, https:\/\/cadenceresidence.com\/wp-content\/uploads\/2017\/03\/JPEG-0037-1920x1280-300x200.jpg 300w, https:\/\/cadenceresidence.com\/wp-content\/uploads\/2017\/03\/JPEG-0037-1920x1280-768x512.jpg 768w, https:\/\/cadenceresidence.com\/wp-content\/uploads\/2017\/03\/JPEG-0037-1920x1280-1024x683.jpg 1024w\" sizes=\"auto, (max-width: 600px) 100vw, 600px\" \/>      <\/div>      <figcaption>        <div class=\"grve-gallery-content\">        <\/div>      <\/figcaption>    <\/figure>  <\/a><\/div><div class=\"grve-isotope-item grve-gallery-item  grve-image-square\">  <a href=\"https:\/\/cadenceresidence.com\/wp-content\/uploads\/2017\/03\/JPEG-0022-1284x1920.jpg\">    <figure class=\"grve-hover-style-1 grve-image-hover grve-zoom-none\">      <div class=\"grve-media\">        <div class=\"grve-hover-overlay grve-bg-light grve-opacity-20\"><\/div><img loading=\"lazy\" decoding=\"async\" width=\"401\" height=\"600\" src=\"https:\/\/cadenceresidence.com\/wp-content\/uploads\/2017\/03\/JPEG-0022-1284x1920.jpg\" class=\"attachment-blade-grve-small-square size-blade-grve-small-square\" alt=\"\" srcset=\"https:\/\/cadenceresidence.com\/wp-content\/uploads\/2017\/03\/JPEG-0022-1284x1920.jpg 1284w, https:\/\/cadenceresidence.com\/wp-content\/uploads\/2017\/03\/JPEG-0022-1284x1920-201x300.jpg 201w, https:\/\/cadenceresidence.com\/wp-content\/uploads\/2017\/03\/JPEG-0022-1284x1920-768x1148.jpg 768w, https:\/\/cadenceresidence.com\/wp-content\/uploads\/2017\/03\/JPEG-0022-1284x1920-685x1024.jpg 685w\" sizes=\"auto, (max-width: 401px) 100vw, 401px\" \/>      <\/div>      <figcaption>        <div class=\"grve-gallery-content\">        <\/div>      <\/figcaption>    <\/figure>  <\/a><\/div><div class=\"grve-isotope-item grve-gallery-item  grve-image-landscape\">  <a href=\"https:\/\/cadenceresidence.com\/wp-content\/uploads\/2017\/03\/12961298_1082973511762283_1888991699672488174_o.jpg\">    <figure class=\"grve-hover-style-1 grve-image-hover grve-zoom-none\">      <div class=\"grve-media\">        <div class=\"grve-hover-overlay grve-bg-light grve-opacity-20\"><\/div><img loading=\"lazy\" decoding=\"async\" width=\"1120\" height=\"746\" src=\"https:\/\/cadenceresidence.com\/wp-content\/uploads\/2017\/03\/12961298_1082973511762283_1888991699672488174_o.jpg\" class=\"attachment-blade-grve-medium-square size-blade-grve-medium-square\" alt=\"\" srcset=\"https:\/\/cadenceresidence.com\/wp-content\/uploads\/2017\/03\/12961298_1082973511762283_1888991699672488174_o.jpg 2048w, https:\/\/cadenceresidence.com\/wp-content\/uploads\/2017\/03\/12961298_1082973511762283_1888991699672488174_o-300x200.jpg 300w, https:\/\/cadenceresidence.com\/wp-content\/uploads\/2017\/03\/12961298_1082973511762283_1888991699672488174_o-768x512.jpg 768w, https:\/\/cadenceresidence.com\/wp-content\/uploads\/2017\/03\/12961298_1082973511762283_1888991699672488174_o-1024x683.jpg 1024w, https:\/\/cadenceresidence.com\/wp-content\/uploads\/2017\/03\/12961298_1082973511762283_1888991699672488174_o-1920x1280.jpg 1920w\" sizes=\"auto, (max-width: 1120px) 100vw, 1120px\" \/>      <\/div>      <figcaption>        <div class=\"grve-gallery-content\">        <\/div>      <\/figcaption>    <\/figure>  <\/a><\/div>  <\/div><\/div>[\/vc_column][\/vc_row][vc_row section_type=\u00a0\u00bbfullwidth\u00a0\u00bb equal_column_height=\u00a0\u00bbmiddle-content\u00a0\u00bb padding_top=\u00a0\u00bb45&Prime;][vc_column css=\u00a0\u00bb.vc_custom_1498056635963{padding-right: 40px !important;padding-left: 40px !important;}\u00a0\u00bb]<h3 class=\"grve-element grve-title grve-align-center grve-h3\" style=\"\"><span>Vari\u00e9t\u00e9s de suites selon vos besoins<span class=\"grve-title-line grve-bg-primary-2\" style=\"width: 250px;height: 3px;\"><\/span><\/span><\/h3>[vc_row_inner][vc_column_inner width=\u00a0\u00bb1\/6&Prime; tablet_width=\u00a0\u00bb1-2&Prime; tablet_sm_width=\u00a0\u00bb1-2&Prime; css=\u00a0\u00bb.vc_custom_1498677129548{padding-top: 32px !important;}\u00a0\u00bb][vc_column_text]<\/p>\n<h4 style=\"text-align: right;\">Mini studio<\/h4>\n<p style=\"text-align: right;\">335 pi<sup>2<\/sup><\/p>\n<p>[\/vc_column_text][\/vc_column_inner][vc_column_inner width=\u00a0\u00bb1\/3&Prime; tablet_width=\u00a0\u00bb1-2&Prime; tablet_sm_width=\u00a0\u00bb1-2&Prime; css=\u00a0\u00bb.vc_custom_1498677141094{padding-top: 32px !important;padding-right: 12px !important;padding-bottom: 25px !important;padding-left: 12px !important;}\u00a0\u00bb]<div class=\"grve-element grve-image grve-align-center\" style=\"\"><a class=\"grve-image-popup\" href=\"https:\/\/cadenceresidence.com\/wp-content\/uploads\/2017\/06\/MiniSuite.jpg\"><img loading=\"lazy\" decoding=\"async\" width=\"500\" height=\"650\" src=\"https:\/\/cadenceresidence.com\/wp-content\/uploads\/2017\/06\/MiniSuite.jpg\" class=\"attachment-full size-full\" alt=\"\" srcset=\"https:\/\/cadenceresidence.com\/wp-content\/uploads\/2017\/06\/MiniSuite.jpg 500w, https:\/\/cadenceresidence.com\/wp-content\/uploads\/2017\/06\/MiniSuite-231x300.jpg 231w\" sizes=\"auto, (max-width: 500px) 100vw, 500px\" \/><\/a><\/div>[\/vc_column_inner][vc_column_inner width=\u00a0\u00bb1\/6&Prime; tablet_width=\u00a0\u00bb1-2&Prime; tablet_sm_width=\u00a0\u00bb1-2&Prime; css=\u00a0\u00bb.vc_custom_1498677183508{padding-top: 32px !important;}\u00a0\u00bb][vc_column_text]<\/p>\n<h4 style=\"text-align: right;\">Studio<\/h4>\n<p style=\"text-align: right;\">432 pi<sup>2<\/sup><\/p>\n<p>[\/vc_column_text][\/vc_column_inner][vc_column_inner width=\u00a0\u00bb1\/3&Prime; tablet_width=\u00a0\u00bb1-2&Prime; tablet_sm_width=\u00a0\u00bb1-2&Prime; css=\u00a0\u00bb.vc_custom_1498677194905{padding-top: 32px !important;padding-right: 12px !important;padding-bottom: 25px !important;padding-left: 12px !important;}\u00a0\u00bb]<div class=\"grve-element grve-image grve-align-center\" style=\"\"><a class=\"grve-image-popup\" href=\"https:\/\/cadenceresidence.com\/wp-content\/uploads\/2017\/06\/Bachelor.jpg\"><img loading=\"lazy\" decoding=\"async\" width=\"500\" height=\"650\" src=\"https:\/\/cadenceresidence.com\/wp-content\/uploads\/2017\/06\/Bachelor.jpg\" class=\"attachment-full size-full\" alt=\"\" srcset=\"https:\/\/cadenceresidence.com\/wp-content\/uploads\/2017\/06\/Bachelor.jpg 500w, https:\/\/cadenceresidence.com\/wp-content\/uploads\/2017\/06\/Bachelor-231x300.jpg 231w\" sizes=\"auto, (max-width: 500px) 100vw, 500px\" \/><\/a><\/div>[\/vc_column_inner][\/vc_row_inner][vc_row_inner][vc_column_inner width=\u00a0\u00bb1\/6&Prime; tablet_width=\u00a0\u00bb1-2&Prime; tablet_sm_width=\u00a0\u00bb1-2&Prime; css=\u00a0\u00bb.vc_custom_1498677214764{padding-top: 32px !important;}\u00a0\u00bb][vc_column_text]<\/p>\n<h4 style=\"text-align: right;\">Suite \u00e0 une chambre<\/h4>\n<p style=\"text-align: right;\">520 pi<sup>2<\/sup><\/p>\n<p>[\/vc_column_text][\/vc_column_inner][vc_column_inner width=\u00a0\u00bb1\/3&Prime; tablet_width=\u00a0\u00bb1-2&Prime; tablet_sm_width=\u00a0\u00bb1-2&Prime; css=\u00a0\u00bb.vc_custom_1498677251008{padding-top: 32px !important;padding-right: 12px !important;padding-bottom: 25px !important;padding-left: 12px !important;}\u00a0\u00bb]<div class=\"grve-element grve-image grve-align-center\" style=\"\"><a class=\"grve-image-popup\" href=\"https:\/\/cadenceresidence.com\/wp-content\/uploads\/2017\/06\/1Bedroom.jpg\"><img loading=\"lazy\" decoding=\"async\" width=\"500\" height=\"650\" src=\"https:\/\/cadenceresidence.com\/wp-content\/uploads\/2017\/06\/1Bedroom.jpg\" class=\"attachment-full size-full\" alt=\"\" srcset=\"https:\/\/cadenceresidence.com\/wp-content\/uploads\/2017\/06\/1Bedroom.jpg 500w, https:\/\/cadenceresidence.com\/wp-content\/uploads\/2017\/06\/1Bedroom-231x300.jpg 231w\" sizes=\"auto, (max-width: 500px) 100vw, 500px\" \/><\/a><\/div>[\/vc_column_inner][vc_column_inner width=\u00a0\u00bb1\/6&Prime; tablet_width=\u00a0\u00bb1-2&Prime; tablet_sm_width=\u00a0\u00bb1-2&Prime; css=\u00a0\u00bb.vc_custom_1498677260714{padding-top: 32px !important;}\u00a0\u00bb][vc_column_text]<\/p>\n<h4 style=\"text-align: right;\">Suite \u00e0 deux chambres<\/h4>\n<p style=\"text-align: right;\">726 pi<sup>2<\/sup><\/p>\n<p>[\/vc_column_text][\/vc_column_inner][vc_column_inner width=\u00a0\u00bb1\/3&Prime; tablet_width=\u00a0\u00bb1-2&Prime; tablet_sm_width=\u00a0\u00bb1-2&Prime; css=\u00a0\u00bb.vc_custom_1498677273991{padding-top: 32px !important;padding-right: 12px !important;padding-bottom: 25px !important;padding-left: 12px !important;}\u00a0\u00bb]<div class=\"grve-element grve-image grve-align-center\" style=\"\"><a class=\"grve-image-popup\" href=\"https:\/\/cadenceresidence.com\/wp-content\/uploads\/2017\/06\/2Bedroom.jpg\"><img loading=\"lazy\" decoding=\"async\" width=\"650\" height=\"500\" src=\"https:\/\/cadenceresidence.com\/wp-content\/uploads\/2017\/06\/2Bedroom.jpg\" class=\"attachment-full size-full\" alt=\"\" srcset=\"https:\/\/cadenceresidence.com\/wp-content\/uploads\/2017\/06\/2Bedroom.jpg 650w, https:\/\/cadenceresidence.com\/wp-content\/uploads\/2017\/06\/2Bedroom-300x231.jpg 300w\" sizes=\"auto, (max-width: 650px) 100vw, 650px\" \/><\/a><\/div>[\/vc_column_inner][\/vc_row_inner]<h3 class=\"grve-element grve-title grve-align-center grve-h3\" style=\"\"><span>Plan de la batisse enti\u00e8re<span class=\"grve-title-line grve-bg-primary-2\" style=\"width: 250px;height: 3px;\"><\/span><\/span><\/h3>[vc_row_inner][vc_column_inner width=\u00a0\u00bb1\/3&Prime;][\/vc_column_inner][vc_column_inner width=\u00a0\u00bb1\/3&Prime;][vc_column_text]<\/p>\n<p style=\"text-align: center;\"><strong><a href=\"http:\/\/cadenceresidence.com\/wp-content\/uploads\/2017\/07\/Floor-Plan-1.pdf\" target=\"_blank\" rel=\"noopener\">Appuyez ici<\/a><\/strong><\/p>\n<p>[\/vc_column_text][\/vc_column_inner][vc_column_inner width=\u00a0\u00bb1\/3&Prime;][\/vc_column_inner][\/vc_row_inner][\/vc_column][\/vc_row]<\/p>\n<\/div>","protected":false},"excerpt":{"rendered":"<p>[vc_row heading_color=\u00a0\u00bblight\u00a0\u00bb section_type=\u00a0\u00bbfullwidth\u00a0\u00bb header_feature=\u00a0\u00bbyes\u00a0\u00bb enable_first_overlay=\u00a0\u00bbtrue\u00a0\u00bb first_overlay_opacity=\u00a0\u00bb100&Prime; first_background_type=\u00a0\u00bbimage\u00a0\u00bb first_background_image=\u00a0\u00bb270&Prime; first_background_size=\u00a0\u00bbcover\u00a0\u00bb enable_bottom_separator=\u00a0\u00bbtrue\u00a0\u00bb bottom_separator_style=\u00a0\u00bbblob-left\u00a0\u00bb padding_top=\u00a0\u00bb150&Prime; padding_bottom=\u00a0\u00bb150&Prime; font_color=\u00a0\u00bb#ffffff\u00a0\u00bb][vc_column width=\u00a0\u00bb1\/2&Prime;][\/vc_column][vc_column width=\u00a0\u00bb1\/2&Prime;][vc_column_text css=\u00a0\u00bb.vc_custom_1498666731319{padding-top: 32px !important;padding-right: 32px !important;padding-bottom: 1px !important;padding-left: 32px !important;background-color: rgba(109,127,84,0.88) !important;*background-color: rgb(109,127,84) !important;}\u00a0\u00bb] Suites &amp; services [\/vc_column_text][\/vc_column][\/vc_row][vc_row footer_feature=\u00a0\u00bbyes\u00a0\u00bb enable_first_overlay=\u00a0\u00bbtrue\u00a0\u00bb first_overlay_opacity=\u00a0\u00bb100&Prime; first_background_color=\u00a0\u00bb#6e868d\u00a0\u00bb enable_top_separator=\u00a0\u00bbtrue\u00a0\u00bb top_separator_style=\u00a0\u00bbblob-right\u00a0\u00bb font_color=\u00a0\u00bb#ffffff\u00a0\u00bb padding_top=\u00a0\u00bb60&Prime; padding_bottom=\u00a0\u00bb60&Prime;][vc_column width=\u00a0\u00bb1\/2&Prime;][vc_column_text] Trois (3) repas \u00e0 base de produits frais par jour (Voir exemples)<\/p>\n","protected":false},"author":1,"featured_media":0,"parent":0,"menu_order":0,"comment_status":"closed","ping_status":"closed","template":"","meta":{"footnotes":""},"class_list":["post-650","page","type-page","status-publish","hentry"],"yoast_head":"<!-- This site is optimized with the Yoast SEO plugin v27.3 - https:\/\/yoast.com\/product\/yoast-seo-wordpress\/ -->\n<title>Suites &amp; Services - Cadence Residence<\/title>\n<meta name=\"description\" content=\"R\u00e9sidence Cadence vous offre une vari\u00e9t\u00e9 de suites et services. Choisissez parmi 4 diff\u00e9rentes suites, et examinez les services offerts \u00e0 nos r\u00e9sidents.\" \/>\n<meta name=\"robots\" content=\"index, follow, max-snippet:-1, max-image-preview:large, max-video-preview:-1\" \/>\n<link rel=\"canonical\" href=\"https:\/\/cadenceresidence.com\/suites\/\" \/>\n<meta property=\"og:locale\" content=\"fr_FR\" \/>\n<meta property=\"og:type\" content=\"article\" \/>\n<meta property=\"og:title\" content=\"Suites &amp; Services - Cadence Residence\" \/>\n<meta property=\"og:description\" content=\"R\u00e9sidence Cadence vous offre une vari\u00e9t\u00e9 de suites et services. Choisissez parmi 4 diff\u00e9rentes suites, et examinez les services offerts \u00e0 nos r\u00e9sidents.\" \/>\n<meta property=\"og:url\" content=\"https:\/\/cadenceresidence.com\/suites\/\" \/>\n<meta property=\"og:site_name\" content=\"Cadence Residence\" \/>\n<meta property=\"article:publisher\" content=\"https:\/\/www.facebook.com\/cadenceresidence\/\" \/>\n<meta property=\"article:modified_time\" content=\"2017-07-31T14:10:55+00:00\" \/>\n<meta property=\"og:image\" content=\"https:\/\/cadenceresidence.com\/wp-content\/uploads\/2017\/05\/Cadence-Residence_Logo.png\" \/>\n\t<meta property=\"og:image:width\" content=\"650\" \/>\n\t<meta property=\"og:image:height\" content=\"413\" \/>\n\t<meta property=\"og:image:type\" content=\"image\/png\" \/>\n<meta name=\"twitter:card\" content=\"summary_large_image\" \/>\n<meta name=\"twitter:label1\" content=\"Dur\u00e9e de lecture estim\u00e9e\" \/>\n\t<meta name=\"twitter:data1\" content=\"4 minutes\" \/>\n<script type=\"application\/ld+json\" class=\"yoast-schema-graph\">{\"@context\":\"https:\\\/\\\/schema.org\",\"@graph\":[{\"@type\":\"WebPage\",\"@id\":\"https:\\\/\\\/cadenceresidence.com\\\/suites\\\/\",\"url\":\"https:\\\/\\\/cadenceresidence.com\\\/suites\\\/\",\"name\":\"Suites & Services - Cadence Residence\",\"isPartOf\":{\"@id\":\"https:\\\/\\\/cadenceresidence.com\\\/#website\"},\"datePublished\":\"2017-06-28T16:18:12+00:00\",\"dateModified\":\"2017-07-31T14:10:55+00:00\",\"description\":\"R\u00e9sidence Cadence vous offre une vari\u00e9t\u00e9 de suites et services. Choisissez parmi 4 diff\u00e9rentes suites, et examinez les services offerts \u00e0 nos r\u00e9sidents.\",\"breadcrumb\":{\"@id\":\"https:\\\/\\\/cadenceresidence.com\\\/suites\\\/#breadcrumb\"},\"inLanguage\":\"fr-FR\",\"potentialAction\":[{\"@type\":\"ReadAction\",\"target\":[\"https:\\\/\\\/cadenceresidence.com\\\/suites\\\/\"]}]},{\"@type\":\"BreadcrumbList\",\"@id\":\"https:\\\/\\\/cadenceresidence.com\\\/suites\\\/#breadcrumb\",\"itemListElement\":[{\"@type\":\"ListItem\",\"position\":1,\"name\":\"Home\",\"item\":\"https:\\\/\\\/cadenceresidence.com\\\/fr\\\/\"},{\"@type\":\"ListItem\",\"position\":2,\"name\":\"Suites &#038; Services\"}]},{\"@type\":\"WebSite\",\"@id\":\"https:\\\/\\\/cadenceresidence.com\\\/#website\",\"url\":\"https:\\\/\\\/cadenceresidence.com\\\/\",\"name\":\"Cadence Residence\",\"description\":\"Live to your rhythm in a carefree senior living environment\",\"publisher\":{\"@id\":\"https:\\\/\\\/cadenceresidence.com\\\/#organization\"},\"potentialAction\":[{\"@type\":\"SearchAction\",\"target\":{\"@type\":\"EntryPoint\",\"urlTemplate\":\"https:\\\/\\\/cadenceresidence.com\\\/?s={search_term_string}\"},\"query-input\":{\"@type\":\"PropertyValueSpecification\",\"valueRequired\":true,\"valueName\":\"search_term_string\"}}],\"inLanguage\":\"fr-FR\"},{\"@type\":\"Organization\",\"@id\":\"https:\\\/\\\/cadenceresidence.com\\\/#organization\",\"name\":\"Cadence Residence\",\"url\":\"https:\\\/\\\/cadenceresidence.com\\\/\",\"logo\":{\"@type\":\"ImageObject\",\"inLanguage\":\"fr-FR\",\"@id\":\"https:\\\/\\\/cadenceresidence.com\\\/#\\\/schema\\\/logo\\\/image\\\/\",\"url\":\"https:\\\/\\\/cadenceresidence.com\\\/wp-content\\\/uploads\\\/2017\\\/05\\\/Cadence-Residence_Logo.png\",\"contentUrl\":\"https:\\\/\\\/cadenceresidence.com\\\/wp-content\\\/uploads\\\/2017\\\/05\\\/Cadence-Residence_Logo.png\",\"width\":650,\"height\":413,\"caption\":\"Cadence Residence\"},\"image\":{\"@id\":\"https:\\\/\\\/cadenceresidence.com\\\/#\\\/schema\\\/logo\\\/image\\\/\"},\"sameAs\":[\"https:\\\/\\\/www.facebook.com\\\/cadenceresidence\\\/\",\"https:\\\/\\\/www.youtube.com\\\/channel\\\/UCRWdWCFfxQCJZgRZnfUfwrQ\\\/featured\"]}]}<\/script>\n<!-- \/ Yoast SEO plugin. -->","yoast_head_json":{"title":"Suites & Services - Cadence Residence","description":"R\u00e9sidence Cadence vous offre une vari\u00e9t\u00e9 de suites et services. Choisissez parmi 4 diff\u00e9rentes suites, et examinez les services offerts \u00e0 nos r\u00e9sidents.","robots":{"index":"index","follow":"follow","max-snippet":"max-snippet:-1","max-image-preview":"max-image-preview:large","max-video-preview":"max-video-preview:-1"},"canonical":"https:\/\/cadenceresidence.com\/suites\/","og_locale":"fr_FR","og_type":"article","og_title":"Suites & Services - Cadence Residence","og_description":"R\u00e9sidence Cadence vous offre une vari\u00e9t\u00e9 de suites et services. Choisissez parmi 4 diff\u00e9rentes suites, et examinez les services offerts \u00e0 nos r\u00e9sidents.","og_url":"https:\/\/cadenceresidence.com\/suites\/","og_site_name":"Cadence Residence","article_publisher":"https:\/\/www.facebook.com\/cadenceresidence\/","article_modified_time":"2017-07-31T14:10:55+00:00","og_image":[{"width":650,"height":413,"url":"https:\/\/cadenceresidence.com\/wp-content\/uploads\/2017\/05\/Cadence-Residence_Logo.png","type":"image\/png"}],"twitter_card":"summary_large_image","twitter_misc":{"Dur\u00e9e de lecture estim\u00e9e":"4 minutes"},"schema":{"@context":"https:\/\/schema.org","@graph":[{"@type":"WebPage","@id":"https:\/\/cadenceresidence.com\/suites\/","url":"https:\/\/cadenceresidence.com\/suites\/","name":"Suites & Services - Cadence Residence","isPartOf":{"@id":"https:\/\/cadenceresidence.com\/#website"},"datePublished":"2017-06-28T16:18:12+00:00","dateModified":"2017-07-31T14:10:55+00:00","description":"R\u00e9sidence Cadence vous offre une vari\u00e9t\u00e9 de suites et services. Choisissez parmi 4 diff\u00e9rentes suites, et examinez les services offerts \u00e0 nos r\u00e9sidents.","breadcrumb":{"@id":"https:\/\/cadenceresidence.com\/suites\/#breadcrumb"},"inLanguage":"fr-FR","potentialAction":[{"@type":"ReadAction","target":["https:\/\/cadenceresidence.com\/suites\/"]}]},{"@type":"BreadcrumbList","@id":"https:\/\/cadenceresidence.com\/suites\/#breadcrumb","itemListElement":[{"@type":"ListItem","position":1,"name":"Home","item":"https:\/\/cadenceresidence.com\/fr\/"},{"@type":"ListItem","position":2,"name":"Suites &#038; Services"}]},{"@type":"WebSite","@id":"https:\/\/cadenceresidence.com\/#website","url":"https:\/\/cadenceresidence.com\/","name":"Cadence Residence","description":"Live to your rhythm in a carefree senior living environment","publisher":{"@id":"https:\/\/cadenceresidence.com\/#organization"},"potentialAction":[{"@type":"SearchAction","target":{"@type":"EntryPoint","urlTemplate":"https:\/\/cadenceresidence.com\/?s={search_term_string}"},"query-input":{"@type":"PropertyValueSpecification","valueRequired":true,"valueName":"search_term_string"}}],"inLanguage":"fr-FR"},{"@type":"Organization","@id":"https:\/\/cadenceresidence.com\/#organization","name":"Cadence Residence","url":"https:\/\/cadenceresidence.com\/","logo":{"@type":"ImageObject","inLanguage":"fr-FR","@id":"https:\/\/cadenceresidence.com\/#\/schema\/logo\/image\/","url":"https:\/\/cadenceresidence.com\/wp-content\/uploads\/2017\/05\/Cadence-Residence_Logo.png","contentUrl":"https:\/\/cadenceresidence.com\/wp-content\/uploads\/2017\/05\/Cadence-Residence_Logo.png","width":650,"height":413,"caption":"Cadence Residence"},"image":{"@id":"https:\/\/cadenceresidence.com\/#\/schema\/logo\/image\/"},"sameAs":["https:\/\/www.facebook.com\/cadenceresidence\/","https:\/\/www.youtube.com\/channel\/UCRWdWCFfxQCJZgRZnfUfwrQ\/featured"]}]}},"_links":{"self":[{"href":"https:\/\/cadenceresidence.com\/fr\/wp-json\/wp\/v2\/pages\/650","targetHints":{"allow":["GET"]}}],"collection":[{"href":"https:\/\/cadenceresidence.com\/fr\/wp-json\/wp\/v2\/pages"}],"about":[{"href":"https:\/\/cadenceresidence.com\/fr\/wp-json\/wp\/v2\/types\/page"}],"author":[{"embeddable":true,"href":"https:\/\/cadenceresidence.com\/fr\/wp-json\/wp\/v2\/users\/1"}],"replies":[{"embeddable":true,"href":"https:\/\/cadenceresidence.com\/fr\/wp-json\/wp\/v2\/comments?post=650"}],"version-history":[{"count":12,"href":"https:\/\/cadenceresidence.com\/fr\/wp-json\/wp\/v2\/pages\/650\/revisions"}],"predecessor-version":[{"id":849,"href":"https:\/\/cadenceresidence.com\/fr\/wp-json\/wp\/v2\/pages\/650\/revisions\/849"}],"wp:attachment":[{"href":"https:\/\/cadenceresidence.com\/fr\/wp-json\/wp\/v2\/media?parent=650"}],"curies":[{"name":"wp","href":"https:\/\/api.w.org\/{rel}","templated":true}]}}