{"id":582,"date":"2017-06-27T18:21:15","date_gmt":"2017-06-27T18:21:15","guid":{"rendered":"http:\/\/cadenceresidence.com\/?page_id=582\/"},"modified":"2019-05-16T12:52:15","modified_gmt":"2019-05-16T12:52:15","slug":"photo-gallery","status":"publish","type":"page","link":"https:\/\/cadenceresidence.com\/fr\/photo-gallery\/","title":{"rendered":"Galerie de photos"},"content":{"rendered":"<div class=\"wpb-content-wrapper\"><p>[vc_row heading_color=\u00a0\u00bblight\u00a0\u00bb section_type=\u00a0\u00bbfullwidth\u00a0\u00bb header_feature=\u00a0\u00bbyes\u00a0\u00bb enable_first_overlay=\u00a0\u00bbtrue\u00a0\u00bb first_overlay_opacity=\u00a0\u00bb100&Prime; first_background_type=\u00a0\u00bbimage\u00a0\u00bb first_background_image=\u00a0\u00bb995&Prime; first_background_size=\u00a0\u00bbcover\u00a0\u00bb enable_bottom_separator=\u00a0\u00bbtrue\u00a0\u00bb bottom_separator_style=\u00a0\u00bbblob-left\u00a0\u00bb bottom_separator_color=\u00a0\u00bb#e5e5e5&Prime; padding_bottom=\u00a0\u00bb300&Prime; font_color=\u00a0\u00bb#ffffff\u00a0\u00bb][vc_column width=\u00a0\u00bb1\/2&Prime;][\/vc_column][vc_column width=\u00a0\u00bb1\/2&Prime; css=\u00a0\u00bb.vc_custom_1498496453714{background-color: rgba(109,127,84,0.84) !important;*background-color: rgb(109,127,84) !important;}\u00a0\u00bb][vc_column_text css=\u00a0\u00bb.vc_custom_1498588123352{padding-top: 37px !important;padding-right: 32px !important;padding-bottom: 1px !important;padding-left: 32px !important;}\u00a0\u00bb]<\/p>\n<h1 style=\"text-align: center;\">Galerie de photos<\/h1>\n<p>[\/vc_column_text][\/vc_column][\/vc_row][vc_row padding_top=\u00a0\u00bb65&Prime;][vc_column]<div class=\"grve-element grve-gallery grve-isotope grve-gallery-popup grve-with-gap\" style=\"\" data-columns=\"4\" data-columns-tablet-landscape=\"2\" data-columns-tablet-portrait=\"2\" data-columns-mobile=\"2\" data-layout=\"masonry\" data-gutter-size=\"25\">  <div class=\"grve-isotope-container\"><div class=\"grve-isotope-item grve-gallery-item  grve-image-square\">  <a href=\"https:\/\/cadenceresidence.com\/wp-content\/uploads\/2017\/06\/FullSizeRender-1-1907x1920.jpg\">    <figure class=\"grve-hover-style-1 grve-image-hover grve-zoom-none\">      <div class=\"grve-media\">        <div class=\"grve-hover-overlay grve-bg-light grve-opacity-20\"><\/div><img loading=\"lazy\" decoding=\"async\" width=\"600\" height=\"600\" src=\"https:\/\/cadenceresidence.com\/wp-content\/uploads\/2017\/06\/FullSizeRender-1-600x600.jpg\" class=\"attachment-blade-grve-small-square size-blade-grve-small-square\" alt=\"\" srcset=\"https:\/\/cadenceresidence.com\/wp-content\/uploads\/2017\/06\/FullSizeRender-1-600x600.jpg 600w, https:\/\/cadenceresidence.com\/wp-content\/uploads\/2017\/06\/FullSizeRender-1-150x150.jpg 150w, https:\/\/cadenceresidence.com\/wp-content\/uploads\/2017\/06\/FullSizeRender-1-1120x1120.jpg 1120w\" sizes=\"auto, (max-width: 600px) 100vw, 600px\" \/>      <\/div>      <figcaption>        <div class=\"grve-gallery-content\">        <\/div>      <\/figcaption>    <\/figure>  <\/a><\/div><div class=\"grve-isotope-item grve-gallery-item  grve-image-square\">  <a href=\"https:\/\/cadenceresidence.com\/wp-content\/uploads\/2017\/06\/IMG_0440-1-e1557948798832-1440x1920.jpg\">    <figure class=\"grve-hover-style-1 grve-image-hover grve-zoom-none\">      <div class=\"grve-media\">        <div class=\"grve-hover-overlay grve-bg-light grve-opacity-20\"><\/div><img loading=\"lazy\" decoding=\"async\" width=\"600\" height=\"600\" src=\"https:\/\/cadenceresidence.com\/wp-content\/uploads\/2017\/06\/IMG_0440-1-e1557948798832-600x600.jpg\" class=\"attachment-blade-grve-small-square size-blade-grve-small-square\" alt=\"\" srcset=\"https:\/\/cadenceresidence.com\/wp-content\/uploads\/2017\/06\/IMG_0440-1-e1557948798832-600x600.jpg 600w, https:\/\/cadenceresidence.com\/wp-content\/uploads\/2017\/06\/IMG_0440-1-e1557948798832-150x150.jpg 150w, https:\/\/cadenceresidence.com\/wp-content\/uploads\/2017\/06\/IMG_0440-1-e1557948798832-1120x1120.jpg 1120w\" sizes=\"auto, (max-width: 600px) 100vw, 600px\" \/>      <\/div>      <figcaption>        <div class=\"grve-gallery-content\">        <\/div>      <\/figcaption>    <\/figure>  <\/a><\/div>  <\/div><\/div>[\/vc_column][\/vc_row]<\/p>\n<\/div>","protected":false},"excerpt":{"rendered":"<p>[vc_row heading_color=\u00a0\u00bblight\u00a0\u00bb section_type=\u00a0\u00bbfullwidth\u00a0\u00bb header_feature=\u00a0\u00bbyes\u00a0\u00bb enable_first_overlay=\u00a0\u00bbtrue\u00a0\u00bb first_overlay_opacity=\u00a0\u00bb100&Prime; first_background_type=\u00a0\u00bbimage\u00a0\u00bb first_background_image=\u00a0\u00bb995&Prime; first_background_size=\u00a0\u00bbcover\u00a0\u00bb enable_bottom_separator=\u00a0\u00bbtrue\u00a0\u00bb bottom_separator_style=\u00a0\u00bbblob-left\u00a0\u00bb bottom_separator_color=\u00a0\u00bb#e5e5e5&Prime; padding_bottom=\u00a0\u00bb300&Prime; font_color=\u00a0\u00bb#ffffff\u00a0\u00bb][vc_column width=\u00a0\u00bb1\/2&Prime;][\/vc_column][vc_column width=\u00a0\u00bb1\/2&Prime; css=\u00a0\u00bb.vc_custom_1498496453714{background-color: rgba(109,127,84,0.84) !important;*background-color: rgb(109,127,84) !important;}\u00a0\u00bb][vc_column_text css=\u00a0\u00bb.vc_custom_1498588123352{padding-top: 37px !important;padding-right: 32px !important;padding-bottom: 1px !important;padding-left: 32px !important;}\u00a0\u00bb] Galerie de photos [\/vc_column_text][\/vc_column][\/vc_row][vc_row padding_top=\u00a0\u00bb65&Prime;][vc_column][\/vc_column][\/vc_row]<\/p>\n","protected":false},"author":1,"featured_media":0,"parent":0,"menu_order":0,"comment_status":"closed","ping_status":"closed","template":"","meta":{"footnotes":""},"class_list":["post-582","page","type-page","status-publish","hentry"],"yoast_head":"<!-- This site is optimized with the Yoast SEO plugin v27.3 - https:\/\/yoast.com\/product\/yoast-seo-wordpress\/ -->\n<title>Galerie de photos - Cadence Residence<\/title>\n<meta name=\"description\" content=\"Vivre \u00e0 votre rythme dans un environnement de vie agr\u00e9able. R\u00e9sidence Cadence est fi\u00e8re de vous offrir une galerie de photos de nos r\u00e9sidents.\" \/>\n<meta name=\"robots\" content=\"index, follow, max-snippet:-1, max-image-preview:large, max-video-preview:-1\" \/>\n<link rel=\"canonical\" href=\"https:\/\/cadenceresidence.com\/fr\/photo-gallery\/\" \/>\n<meta property=\"og:locale\" content=\"fr_FR\" \/>\n<meta property=\"og:type\" content=\"article\" \/>\n<meta property=\"og:title\" content=\"Galerie de photos - Cadence Residence\" \/>\n<meta property=\"og:description\" content=\"Vivre \u00e0 votre rythme dans un environnement de vie agr\u00e9able. R\u00e9sidence Cadence est fi\u00e8re de vous offrir une galerie de photos de nos r\u00e9sidents.\" \/>\n<meta property=\"og:url\" content=\"https:\/\/cadenceresidence.com\/fr\/photo-gallery\/\" \/>\n<meta property=\"og:site_name\" content=\"Cadence Residence\" \/>\n<meta property=\"article:publisher\" content=\"https:\/\/www.facebook.com\/cadenceresidence\/\" \/>\n<meta property=\"article:modified_time\" content=\"2019-05-16T12:52:15+00:00\" \/>\n<meta property=\"og:image\" content=\"https:\/\/cadenceresidence.com\/wp-content\/uploads\/2017\/05\/Cadence-Residence_Logo.png\" \/>\n\t<meta property=\"og:image:width\" content=\"650\" \/>\n\t<meta property=\"og:image:height\" content=\"413\" \/>\n\t<meta property=\"og:image:type\" content=\"image\/png\" \/>\n<meta name=\"twitter:card\" content=\"summary_large_image\" \/>\n<meta name=\"twitter:label1\" content=\"Dur\u00e9e de lecture estim\u00e9e\" \/>\n\t<meta name=\"twitter:data1\" content=\"1 minute\" \/>\n<script type=\"application\/ld+json\" class=\"yoast-schema-graph\">{\"@context\":\"https:\\\/\\\/schema.org\",\"@graph\":[{\"@type\":\"WebPage\",\"@id\":\"https:\\\/\\\/cadenceresidence.com\\\/fr\\\/photo-gallery\\\/\",\"url\":\"https:\\\/\\\/cadenceresidence.com\\\/fr\\\/photo-gallery\\\/\",\"name\":\"Galerie de photos - Cadence Residence\",\"isPartOf\":{\"@id\":\"https:\\\/\\\/cadenceresidence.com\\\/#website\"},\"datePublished\":\"2017-06-27T18:21:15+00:00\",\"dateModified\":\"2019-05-16T12:52:15+00:00\",\"description\":\"Vivre \u00e0 votre rythme dans un environnement de vie agr\u00e9able. R\u00e9sidence Cadence est fi\u00e8re de vous offrir une galerie de photos de nos r\u00e9sidents.\",\"breadcrumb\":{\"@id\":\"https:\\\/\\\/cadenceresidence.com\\\/fr\\\/photo-gallery\\\/#breadcrumb\"},\"inLanguage\":\"fr-FR\",\"potentialAction\":[{\"@type\":\"ReadAction\",\"target\":[\"https:\\\/\\\/cadenceresidence.com\\\/fr\\\/photo-gallery\\\/\"]}]},{\"@type\":\"BreadcrumbList\",\"@id\":\"https:\\\/\\\/cadenceresidence.com\\\/fr\\\/photo-gallery\\\/#breadcrumb\",\"itemListElement\":[{\"@type\":\"ListItem\",\"position\":1,\"name\":\"Home\",\"item\":\"https:\\\/\\\/cadenceresidence.com\\\/fr\\\/\"},{\"@type\":\"ListItem\",\"position\":2,\"name\":\"Galerie de photos\"}]},{\"@type\":\"WebSite\",\"@id\":\"https:\\\/\\\/cadenceresidence.com\\\/#website\",\"url\":\"https:\\\/\\\/cadenceresidence.com\\\/\",\"name\":\"Cadence Residence\",\"description\":\"Live to your rhythm in a carefree senior living environment\",\"publisher\":{\"@id\":\"https:\\\/\\\/cadenceresidence.com\\\/#organization\"},\"potentialAction\":[{\"@type\":\"SearchAction\",\"target\":{\"@type\":\"EntryPoint\",\"urlTemplate\":\"https:\\\/\\\/cadenceresidence.com\\\/?s={search_term_string}\"},\"query-input\":{\"@type\":\"PropertyValueSpecification\",\"valueRequired\":true,\"valueName\":\"search_term_string\"}}],\"inLanguage\":\"fr-FR\"},{\"@type\":\"Organization\",\"@id\":\"https:\\\/\\\/cadenceresidence.com\\\/#organization\",\"name\":\"Cadence Residence\",\"url\":\"https:\\\/\\\/cadenceresidence.com\\\/\",\"logo\":{\"@type\":\"ImageObject\",\"inLanguage\":\"fr-FR\",\"@id\":\"https:\\\/\\\/cadenceresidence.com\\\/#\\\/schema\\\/logo\\\/image\\\/\",\"url\":\"https:\\\/\\\/cadenceresidence.com\\\/wp-content\\\/uploads\\\/2017\\\/05\\\/Cadence-Residence_Logo.png\",\"contentUrl\":\"https:\\\/\\\/cadenceresidence.com\\\/wp-content\\\/uploads\\\/2017\\\/05\\\/Cadence-Residence_Logo.png\",\"width\":650,\"height\":413,\"caption\":\"Cadence Residence\"},\"image\":{\"@id\":\"https:\\\/\\\/cadenceresidence.com\\\/#\\\/schema\\\/logo\\\/image\\\/\"},\"sameAs\":[\"https:\\\/\\\/www.facebook.com\\\/cadenceresidence\\\/\",\"https:\\\/\\\/www.youtube.com\\\/channel\\\/UCRWdWCFfxQCJZgRZnfUfwrQ\\\/featured\"]}]}<\/script>\n<!-- \/ Yoast SEO plugin. -->","yoast_head_json":{"title":"Galerie de photos - Cadence Residence","description":"Vivre \u00e0 votre rythme dans un environnement de vie agr\u00e9able. R\u00e9sidence Cadence est fi\u00e8re de vous offrir une galerie de photos de nos r\u00e9sidents.","robots":{"index":"index","follow":"follow","max-snippet":"max-snippet:-1","max-image-preview":"max-image-preview:large","max-video-preview":"max-video-preview:-1"},"canonical":"https:\/\/cadenceresidence.com\/fr\/photo-gallery\/","og_locale":"fr_FR","og_type":"article","og_title":"Galerie de photos - Cadence Residence","og_description":"Vivre \u00e0 votre rythme dans un environnement de vie agr\u00e9able. R\u00e9sidence Cadence est fi\u00e8re de vous offrir une galerie de photos de nos r\u00e9sidents.","og_url":"https:\/\/cadenceresidence.com\/fr\/photo-gallery\/","og_site_name":"Cadence Residence","article_publisher":"https:\/\/www.facebook.com\/cadenceresidence\/","article_modified_time":"2019-05-16T12:52:15+00:00","og_image":[{"width":650,"height":413,"url":"https:\/\/cadenceresidence.com\/wp-content\/uploads\/2017\/05\/Cadence-Residence_Logo.png","type":"image\/png"}],"twitter_card":"summary_large_image","twitter_misc":{"Dur\u00e9e de lecture estim\u00e9e":"1 minute"},"schema":{"@context":"https:\/\/schema.org","@graph":[{"@type":"WebPage","@id":"https:\/\/cadenceresidence.com\/fr\/photo-gallery\/","url":"https:\/\/cadenceresidence.com\/fr\/photo-gallery\/","name":"Galerie de photos - Cadence Residence","isPartOf":{"@id":"https:\/\/cadenceresidence.com\/#website"},"datePublished":"2017-06-27T18:21:15+00:00","dateModified":"2019-05-16T12:52:15+00:00","description":"Vivre \u00e0 votre rythme dans un environnement de vie agr\u00e9able. R\u00e9sidence Cadence est fi\u00e8re de vous offrir une galerie de photos de nos r\u00e9sidents.","breadcrumb":{"@id":"https:\/\/cadenceresidence.com\/fr\/photo-gallery\/#breadcrumb"},"inLanguage":"fr-FR","potentialAction":[{"@type":"ReadAction","target":["https:\/\/cadenceresidence.com\/fr\/photo-gallery\/"]}]},{"@type":"BreadcrumbList","@id":"https:\/\/cadenceresidence.com\/fr\/photo-gallery\/#breadcrumb","itemListElement":[{"@type":"ListItem","position":1,"name":"Home","item":"https:\/\/cadenceresidence.com\/fr\/"},{"@type":"ListItem","position":2,"name":"Galerie de photos"}]},{"@type":"WebSite","@id":"https:\/\/cadenceresidence.com\/#website","url":"https:\/\/cadenceresidence.com\/","name":"Cadence Residence","description":"Live to your rhythm in a carefree senior living environment","publisher":{"@id":"https:\/\/cadenceresidence.com\/#organization"},"potentialAction":[{"@type":"SearchAction","target":{"@type":"EntryPoint","urlTemplate":"https:\/\/cadenceresidence.com\/?s={search_term_string}"},"query-input":{"@type":"PropertyValueSpecification","valueRequired":true,"valueName":"search_term_string"}}],"inLanguage":"fr-FR"},{"@type":"Organization","@id":"https:\/\/cadenceresidence.com\/#organization","name":"Cadence Residence","url":"https:\/\/cadenceresidence.com\/","logo":{"@type":"ImageObject","inLanguage":"fr-FR","@id":"https:\/\/cadenceresidence.com\/#\/schema\/logo\/image\/","url":"https:\/\/cadenceresidence.com\/wp-content\/uploads\/2017\/05\/Cadence-Residence_Logo.png","contentUrl":"https:\/\/cadenceresidence.com\/wp-content\/uploads\/2017\/05\/Cadence-Residence_Logo.png","width":650,"height":413,"caption":"Cadence Residence"},"image":{"@id":"https:\/\/cadenceresidence.com\/#\/schema\/logo\/image\/"},"sameAs":["https:\/\/www.facebook.com\/cadenceresidence\/","https:\/\/www.youtube.com\/channel\/UCRWdWCFfxQCJZgRZnfUfwrQ\/featured"]}]}},"_links":{"self":[{"href":"https:\/\/cadenceresidence.com\/fr\/wp-json\/wp\/v2\/pages\/582","targetHints":{"allow":["GET"]}}],"collection":[{"href":"https:\/\/cadenceresidence.com\/fr\/wp-json\/wp\/v2\/pages"}],"about":[{"href":"https:\/\/cadenceresidence.com\/fr\/wp-json\/wp\/v2\/types\/page"}],"author":[{"embeddable":true,"href":"https:\/\/cadenceresidence.com\/fr\/wp-json\/wp\/v2\/users\/1"}],"replies":[{"embeddable":true,"href":"https:\/\/cadenceresidence.com\/fr\/wp-json\/wp\/v2\/comments?post=582"}],"version-history":[{"count":13,"href":"https:\/\/cadenceresidence.com\/fr\/wp-json\/wp\/v2\/pages\/582\/revisions"}],"predecessor-version":[{"id":1151,"href":"https:\/\/cadenceresidence.com\/fr\/wp-json\/wp\/v2\/pages\/582\/revisions\/1151"}],"wp:attachment":[{"href":"https:\/\/cadenceresidence.com\/fr\/wp-json\/wp\/v2\/media?parent=582"}],"curies":[{"name":"wp","href":"https:\/\/api.w.org\/{rel}","templated":true}]}}