{"id":479,"date":"2017-06-26T18:42:38","date_gmt":"2017-06-26T18:42:38","guid":{"rendered":"http:\/\/cadenceresidence.com\/?page_id=479\/"},"modified":"2017-06-28T18:48:57","modified_gmt":"2017-06-28T18:48:57","slug":"book-a-tour","status":"publish","type":"page","link":"https:\/\/cadenceresidence.com\/fr\/book-a-tour\/","title":{"rendered":"Planifiez une visite priv\u00e9e"},"content":{"rendered":"<div class=\"wpb-content-wrapper\"><p>[vc_row header_feature=\u00a0\u00bbyes\u00a0\u00bb enable_first_overlay=\u00a0\u00bbtrue\u00a0\u00bb first_overlay_opacity=\u00a0\u00bb100&Prime; first_background_color=\u00a0\u00bb#6d7f54&Prime; enable_bottom_separator=\u00a0\u00bbtrue\u00a0\u00bb bottom_separator_style=\u00a0\u00bbblob-center\u00a0\u00bb][vc_column][\/vc_column][\/vc_row][vc_row equal_column_height=\u00a0\u00bbmiddle-content\u00a0\u00bb padding_top=\u00a0\u00bb45&Prime;][vc_column width=\u00a0\u00bb1\/4&Prime;]<div class=\"grve-element grve-image grve-align-center\" style=\"\"><img loading=\"lazy\" decoding=\"async\" width=\"500\" height=\"500\" src=\"https:\/\/cadenceresidence.com\/wp-content\/uploads\/2017\/06\/BookaTour1.jpg\" class=\"attachment-full size-full\" alt=\"Cadence Residence book a tour\" srcset=\"https:\/\/cadenceresidence.com\/wp-content\/uploads\/2017\/06\/BookaTour1.jpg 500w, https:\/\/cadenceresidence.com\/wp-content\/uploads\/2017\/06\/BookaTour1-150x150.jpg 150w, https:\/\/cadenceresidence.com\/wp-content\/uploads\/2017\/06\/BookaTour1-300x300.jpg 300w\" sizes=\"auto, (max-width: 500px) 100vw, 500px\" \/><\/div>[\/vc_column][vc_column width=\u00a0\u00bb1\/2&Prime;]<div class=\"grve-element grve-image grve-align-center\" style=\"\"><img loading=\"lazy\" decoding=\"async\" width=\"1000\" height=\"500\" src=\"https:\/\/cadenceresidence.com\/wp-content\/uploads\/2017\/06\/BookaTour3.jpg\" class=\"attachment-full size-full\" alt=\"Cadence Residence book a tour\" srcset=\"https:\/\/cadenceresidence.com\/wp-content\/uploads\/2017\/06\/BookaTour3.jpg 1000w, https:\/\/cadenceresidence.com\/wp-content\/uploads\/2017\/06\/BookaTour3-300x150.jpg 300w, https:\/\/cadenceresidence.com\/wp-content\/uploads\/2017\/06\/BookaTour3-768x384.jpg 768w\" sizes=\"auto, (max-width: 1000px) 100vw, 1000px\" \/><\/div>[\/vc_column][vc_column width=\u00a0\u00bb1\/4&Prime;]<div class=\"grve-element grve-image grve-align-center\" style=\"\"><img loading=\"lazy\" decoding=\"async\" width=\"500\" height=\"500\" src=\"https:\/\/cadenceresidence.com\/wp-content\/uploads\/2017\/06\/BookaTour2.jpg\" class=\"attachment-full size-full\" alt=\"Cadence Residence book a tour\" srcset=\"https:\/\/cadenceresidence.com\/wp-content\/uploads\/2017\/06\/BookaTour2.jpg 500w, https:\/\/cadenceresidence.com\/wp-content\/uploads\/2017\/06\/BookaTour2-150x150.jpg 150w, https:\/\/cadenceresidence.com\/wp-content\/uploads\/2017\/06\/BookaTour2-300x300.jpg 300w\" sizes=\"auto, (max-width: 500px) 100vw, 500px\" \/><\/div>[\/vc_column][\/vc_row][vc_row footer_feature=\u00a0\u00bbyes\u00a0\u00bb enable_first_overlay=\u00a0\u00bbtrue\u00a0\u00bb first_overlay_opacity=\u00a0\u00bb100&Prime; first_background_color=\u00a0\u00bb#6e868d\u00a0\u00bb enable_top_separator=\u00a0\u00bbtrue\u00a0\u00bb top_separator_style=\u00a0\u00bbblob-right\u00a0\u00bb padding_top=\u00a0\u00bb60&Prime; padding_bottom=\u00a0\u00bb60&Prime;][vc_column width=\u00a0\u00bb5\/12&Prime; css=\u00a0\u00bb.vc_custom_1497986834678{padding-top: 45px !important;}\u00a0\u00bb][vc_column_text]<\/p>\n<h3>Venez faire la belle vie \u00e0 la R\u00e9sidence Cadence!<\/h3>\n<p><span style=\"color: #ffffff;\">Venez nous visiter et restez pour un repas sans frais.<\/span><\/p>\n<p><span style=\"color: #ffffff;\">Notre personnel chaleureux et les r\u00e9sidents seraient tr\u00e8s heureux de vous offrir une visite guid\u00e9e et r\u00e9pondre \u00e0 vos questions.<\/span><\/p>\n<p><span style=\"color: #ffffff;\">Faites votre demande pour une visite aujourd\u2019hui en compl\u00e9tant le formulaire suivant, ou appelez<\/span> <a href=\"tel:17052722720\">(705) 272-2720<\/a><span style=\"color: #ffffff;\">.<\/span>[\/vc_column_text][\/vc_column][vc_column width=\u00a0\u00bb7\/12&Prime; css=\u00a0\u00bb.vc_custom_1497985913801{padding-top: 20px !important;padding-right: 32px !important;padding-bottom: 20px !important;padding-left: 32px !important;background-color: #ffffff !important;}\u00a0\u00bb][gravityform id=\u00a0\u00bb5&Prime; title=\u00a0\u00bbfalse\u00a0\u00bb description=\u00a0\u00bbfalse\u00a0\u00bb ajax=\u00a0\u00bbfalse\u00a0\u00bb][\/vc_column][\/vc_row]<\/p>\n<\/div>","protected":false},"excerpt":{"rendered":"<p>[vc_row header_feature=\u00a0\u00bbyes\u00a0\u00bb enable_first_overlay=\u00a0\u00bbtrue\u00a0\u00bb first_overlay_opacity=\u00a0\u00bb100&Prime; first_background_color=\u00a0\u00bb#6d7f54&Prime; enable_bottom_separator=\u00a0\u00bbtrue\u00a0\u00bb bottom_separator_style=\u00a0\u00bbblob-center\u00a0\u00bb][vc_column][\/vc_column][\/vc_row][vc_row equal_column_height=\u00a0\u00bbmiddle-content\u00a0\u00bb padding_top=\u00a0\u00bb45&Prime;][vc_column width=\u00a0\u00bb1\/4&Prime;][\/vc_column][vc_column width=\u00a0\u00bb1\/2&Prime;][\/vc_column][vc_column width=\u00a0\u00bb1\/4&Prime;][\/vc_column][\/vc_row][vc_row footer_feature=\u00a0\u00bbyes\u00a0\u00bb enable_first_overlay=\u00a0\u00bbtrue\u00a0\u00bb first_overlay_opacity=\u00a0\u00bb100&Prime; first_background_color=\u00a0\u00bb#6e868d\u00a0\u00bb enable_top_separator=\u00a0\u00bbtrue\u00a0\u00bb top_separator_style=\u00a0\u00bbblob-right\u00a0\u00bb padding_top=\u00a0\u00bb60&Prime; padding_bottom=\u00a0\u00bb60&Prime;][vc_column width=\u00a0\u00bb5\/12&Prime; css=\u00a0\u00bb.vc_custom_1497986834678{padding-top: 45px !important;}\u00a0\u00bb][vc_column_text] Venez faire la belle vie \u00e0 la R\u00e9sidence Cadence! Venez nous visiter et restez pour un repas sans frais. Notre personnel chaleureux et les r\u00e9sidents seraient tr\u00e8s heureux de vous offrir<\/p>\n","protected":false},"author":1,"featured_media":0,"parent":0,"menu_order":0,"comment_status":"closed","ping_status":"closed","template":"","meta":{"footnotes":""},"class_list":["post-479","page","type-page","status-publish","hentry"],"yoast_head":"<!-- This site is optimized with the Yoast SEO plugin v27.3 - https:\/\/yoast.com\/product\/yoast-seo-wordpress\/ -->\n<title>Planifiez une visite priv\u00e9e - Cadence Residence<\/title>\n<meta name=\"description\" content=\"Venez faire la belle vie \u00e0 la R\u00e9sidence Cadence! Planifiez une visite priv\u00e9e et restez pour un repas sans frais. Contactez nous aujourd&#039;hui.\" \/>\n<meta name=\"robots\" content=\"index, follow, max-snippet:-1, max-image-preview:large, max-video-preview:-1\" \/>\n<link rel=\"canonical\" href=\"https:\/\/cadenceresidence.com\/fr\/book-a-tour\/\" \/>\n<meta property=\"og:locale\" content=\"fr_FR\" \/>\n<meta property=\"og:type\" content=\"article\" \/>\n<meta property=\"og:title\" content=\"Planifiez une visite priv\u00e9e - Cadence Residence\" \/>\n<meta property=\"og:description\" content=\"Venez faire la belle vie \u00e0 la R\u00e9sidence Cadence! Planifiez une visite priv\u00e9e et restez pour un repas sans frais. Contactez nous aujourd&#039;hui.\" \/>\n<meta property=\"og:url\" content=\"https:\/\/cadenceresidence.com\/fr\/book-a-tour\/\" \/>\n<meta property=\"og:site_name\" content=\"Cadence Residence\" \/>\n<meta property=\"article:publisher\" content=\"https:\/\/www.facebook.com\/cadenceresidence\/\" \/>\n<meta property=\"article:modified_time\" content=\"2017-06-28T18:48:57+00:00\" \/>\n<meta property=\"og:image\" content=\"https:\/\/cadenceresidence.com\/wp-content\/uploads\/2017\/05\/Cadence-Residence_Logo.png\" \/>\n\t<meta property=\"og:image:width\" content=\"650\" \/>\n\t<meta property=\"og:image:height\" content=\"413\" \/>\n\t<meta property=\"og:image:type\" content=\"image\/png\" \/>\n<meta name=\"twitter:card\" content=\"summary_large_image\" \/>\n<meta name=\"twitter:label1\" content=\"Dur\u00e9e de lecture estim\u00e9e\" \/>\n\t<meta name=\"twitter:data1\" content=\"1 minute\" \/>\n<script type=\"application\/ld+json\" class=\"yoast-schema-graph\">{\"@context\":\"https:\\\/\\\/schema.org\",\"@graph\":[{\"@type\":\"WebPage\",\"@id\":\"https:\\\/\\\/cadenceresidence.com\\\/fr\\\/book-a-tour\\\/\",\"url\":\"https:\\\/\\\/cadenceresidence.com\\\/fr\\\/book-a-tour\\\/\",\"name\":\"Planifiez une visite priv\u00e9e - Cadence Residence\",\"isPartOf\":{\"@id\":\"https:\\\/\\\/cadenceresidence.com\\\/#website\"},\"datePublished\":\"2017-06-26T18:42:38+00:00\",\"dateModified\":\"2017-06-28T18:48:57+00:00\",\"description\":\"Venez faire la belle vie \u00e0 la R\u00e9sidence Cadence! Planifiez une visite priv\u00e9e et restez pour un repas sans frais. Contactez nous aujourd'hui.\",\"breadcrumb\":{\"@id\":\"https:\\\/\\\/cadenceresidence.com\\\/fr\\\/book-a-tour\\\/#breadcrumb\"},\"inLanguage\":\"fr-FR\",\"potentialAction\":[{\"@type\":\"ReadAction\",\"target\":[\"https:\\\/\\\/cadenceresidence.com\\\/fr\\\/book-a-tour\\\/\"]}]},{\"@type\":\"BreadcrumbList\",\"@id\":\"https:\\\/\\\/cadenceresidence.com\\\/fr\\\/book-a-tour\\\/#breadcrumb\",\"itemListElement\":[{\"@type\":\"ListItem\",\"position\":1,\"name\":\"Home\",\"item\":\"https:\\\/\\\/cadenceresidence.com\\\/fr\\\/\"},{\"@type\":\"ListItem\",\"position\":2,\"name\":\"Planifiez une visite priv\u00e9e\"}]},{\"@type\":\"WebSite\",\"@id\":\"https:\\\/\\\/cadenceresidence.com\\\/#website\",\"url\":\"https:\\\/\\\/cadenceresidence.com\\\/\",\"name\":\"Cadence Residence\",\"description\":\"Live to your rhythm in a carefree senior living environment\",\"publisher\":{\"@id\":\"https:\\\/\\\/cadenceresidence.com\\\/#organization\"},\"potentialAction\":[{\"@type\":\"SearchAction\",\"target\":{\"@type\":\"EntryPoint\",\"urlTemplate\":\"https:\\\/\\\/cadenceresidence.com\\\/?s={search_term_string}\"},\"query-input\":{\"@type\":\"PropertyValueSpecification\",\"valueRequired\":true,\"valueName\":\"search_term_string\"}}],\"inLanguage\":\"fr-FR\"},{\"@type\":\"Organization\",\"@id\":\"https:\\\/\\\/cadenceresidence.com\\\/#organization\",\"name\":\"Cadence Residence\",\"url\":\"https:\\\/\\\/cadenceresidence.com\\\/\",\"logo\":{\"@type\":\"ImageObject\",\"inLanguage\":\"fr-FR\",\"@id\":\"https:\\\/\\\/cadenceresidence.com\\\/#\\\/schema\\\/logo\\\/image\\\/\",\"url\":\"https:\\\/\\\/cadenceresidence.com\\\/wp-content\\\/uploads\\\/2017\\\/05\\\/Cadence-Residence_Logo.png\",\"contentUrl\":\"https:\\\/\\\/cadenceresidence.com\\\/wp-content\\\/uploads\\\/2017\\\/05\\\/Cadence-Residence_Logo.png\",\"width\":650,\"height\":413,\"caption\":\"Cadence Residence\"},\"image\":{\"@id\":\"https:\\\/\\\/cadenceresidence.com\\\/#\\\/schema\\\/logo\\\/image\\\/\"},\"sameAs\":[\"https:\\\/\\\/www.facebook.com\\\/cadenceresidence\\\/\",\"https:\\\/\\\/www.youtube.com\\\/channel\\\/UCRWdWCFfxQCJZgRZnfUfwrQ\\\/featured\"]}]}<\/script>\n<!-- \/ Yoast SEO plugin. -->","yoast_head_json":{"title":"Planifiez une visite priv\u00e9e - Cadence Residence","description":"Venez faire la belle vie \u00e0 la R\u00e9sidence Cadence! Planifiez une visite priv\u00e9e et restez pour un repas sans frais. Contactez nous aujourd'hui.","robots":{"index":"index","follow":"follow","max-snippet":"max-snippet:-1","max-image-preview":"max-image-preview:large","max-video-preview":"max-video-preview:-1"},"canonical":"https:\/\/cadenceresidence.com\/fr\/book-a-tour\/","og_locale":"fr_FR","og_type":"article","og_title":"Planifiez une visite priv\u00e9e - Cadence Residence","og_description":"Venez faire la belle vie \u00e0 la R\u00e9sidence Cadence! Planifiez une visite priv\u00e9e et restez pour un repas sans frais. Contactez nous aujourd'hui.","og_url":"https:\/\/cadenceresidence.com\/fr\/book-a-tour\/","og_site_name":"Cadence Residence","article_publisher":"https:\/\/www.facebook.com\/cadenceresidence\/","article_modified_time":"2017-06-28T18:48:57+00:00","og_image":[{"width":650,"height":413,"url":"https:\/\/cadenceresidence.com\/wp-content\/uploads\/2017\/05\/Cadence-Residence_Logo.png","type":"image\/png"}],"twitter_card":"summary_large_image","twitter_misc":{"Dur\u00e9e de lecture estim\u00e9e":"1 minute"},"schema":{"@context":"https:\/\/schema.org","@graph":[{"@type":"WebPage","@id":"https:\/\/cadenceresidence.com\/fr\/book-a-tour\/","url":"https:\/\/cadenceresidence.com\/fr\/book-a-tour\/","name":"Planifiez une visite priv\u00e9e - Cadence Residence","isPartOf":{"@id":"https:\/\/cadenceresidence.com\/#website"},"datePublished":"2017-06-26T18:42:38+00:00","dateModified":"2017-06-28T18:48:57+00:00","description":"Venez faire la belle vie \u00e0 la R\u00e9sidence Cadence! Planifiez une visite priv\u00e9e et restez pour un repas sans frais. Contactez nous aujourd'hui.","breadcrumb":{"@id":"https:\/\/cadenceresidence.com\/fr\/book-a-tour\/#breadcrumb"},"inLanguage":"fr-FR","potentialAction":[{"@type":"ReadAction","target":["https:\/\/cadenceresidence.com\/fr\/book-a-tour\/"]}]},{"@type":"BreadcrumbList","@id":"https:\/\/cadenceresidence.com\/fr\/book-a-tour\/#breadcrumb","itemListElement":[{"@type":"ListItem","position":1,"name":"Home","item":"https:\/\/cadenceresidence.com\/fr\/"},{"@type":"ListItem","position":2,"name":"Planifiez une visite priv\u00e9e"}]},{"@type":"WebSite","@id":"https:\/\/cadenceresidence.com\/#website","url":"https:\/\/cadenceresidence.com\/","name":"Cadence Residence","description":"Live to your rhythm in a carefree senior living environment","publisher":{"@id":"https:\/\/cadenceresidence.com\/#organization"},"potentialAction":[{"@type":"SearchAction","target":{"@type":"EntryPoint","urlTemplate":"https:\/\/cadenceresidence.com\/?s={search_term_string}"},"query-input":{"@type":"PropertyValueSpecification","valueRequired":true,"valueName":"search_term_string"}}],"inLanguage":"fr-FR"},{"@type":"Organization","@id":"https:\/\/cadenceresidence.com\/#organization","name":"Cadence Residence","url":"https:\/\/cadenceresidence.com\/","logo":{"@type":"ImageObject","inLanguage":"fr-FR","@id":"https:\/\/cadenceresidence.com\/#\/schema\/logo\/image\/","url":"https:\/\/cadenceresidence.com\/wp-content\/uploads\/2017\/05\/Cadence-Residence_Logo.png","contentUrl":"https:\/\/cadenceresidence.com\/wp-content\/uploads\/2017\/05\/Cadence-Residence_Logo.png","width":650,"height":413,"caption":"Cadence Residence"},"image":{"@id":"https:\/\/cadenceresidence.com\/#\/schema\/logo\/image\/"},"sameAs":["https:\/\/www.facebook.com\/cadenceresidence\/","https:\/\/www.youtube.com\/channel\/UCRWdWCFfxQCJZgRZnfUfwrQ\/featured"]}]}},"_links":{"self":[{"href":"https:\/\/cadenceresidence.com\/fr\/wp-json\/wp\/v2\/pages\/479","targetHints":{"allow":["GET"]}}],"collection":[{"href":"https:\/\/cadenceresidence.com\/fr\/wp-json\/wp\/v2\/pages"}],"about":[{"href":"https:\/\/cadenceresidence.com\/fr\/wp-json\/wp\/v2\/types\/page"}],"author":[{"embeddable":true,"href":"https:\/\/cadenceresidence.com\/fr\/wp-json\/wp\/v2\/users\/1"}],"replies":[{"embeddable":true,"href":"https:\/\/cadenceresidence.com\/fr\/wp-json\/wp\/v2\/comments?post=479"}],"version-history":[{"count":5,"href":"https:\/\/cadenceresidence.com\/fr\/wp-json\/wp\/v2\/pages\/479\/revisions"}],"predecessor-version":[{"id":754,"href":"https:\/\/cadenceresidence.com\/fr\/wp-json\/wp\/v2\/pages\/479\/revisions\/754"}],"wp:attachment":[{"href":"https:\/\/cadenceresidence.com\/fr\/wp-json\/wp\/v2\/media?parent=479"}],"curies":[{"name":"wp","href":"https:\/\/api.w.org\/{rel}","templated":true}]}}