{"id":461,"date":"2017-06-26T16:38:06","date_gmt":"2017-06-26T16:38:06","guid":{"rendered":"http:\/\/cadenceresidence.com\/?page_id=461\/"},"modified":"2019-12-20T16:16:14","modified_gmt":"2019-12-20T16:16:14","slug":"contact-us","status":"publish","type":"page","link":"https:\/\/cadenceresidence.com\/fr\/contact-us\/","title":{"rendered":"Nous joindre"},"content":{"rendered":"<div class=\"wpb-content-wrapper\"><p>[vc_row heading_color=\u00a0\u00bblight\u00a0\u00bb section_type=\u00a0\u00bbfullwidth\u00a0\u00bb header_feature=\u00a0\u00bbyes\u00a0\u00bb enable_first_overlay=\u00a0\u00bbtrue\u00a0\u00bb first_overlay_opacity=\u00a0\u00bb100&Prime; first_background_type=\u00a0\u00bbimage\u00a0\u00bb first_background_image=\u00a0\u00bb414&Prime; first_background_size=\u00a0\u00bbcover\u00a0\u00bb enable_bottom_separator=\u00a0\u00bbtrue\u00a0\u00bb bottom_separator_style=\u00a0\u00bbblob-left\u00a0\u00bb padding_top=\u00a0\u00bb160&Prime; padding_bottom=\u00a0\u00bb160&Prime; font_color=\u00a0\u00bb#ffffff\u00a0\u00bb][vc_column width=\u00a0\u00bb1\/2&Prime;][\/vc_column][vc_column width=\u00a0\u00bb1\/2&Prime;][vc_column_text css=\u00a0\u00bb.vc_custom_1498853041789{padding-top: 32px !important;padding-right: 32px !important;padding-bottom: 1px !important;padding-left: 32px !important;background-color: rgba(109,127,84,0.88) !important;*background-color: rgb(109,127,84) !important;}\u00a0\u00bb]<\/p>\n<h1 style=\"text-align: center;\">Nous joindre<\/h1>\n<p>[\/vc_column_text][\/vc_column][\/vc_row][vc_row padding_top=\u00a0\u00bb45&Prime;][vc_column][vc_column_text]La R\u00e9sidence Cadence appartient au conseil d\u2019administration des services sociaux du district de Cochrane qui en est aussi l\u2019exploitant. Notre \u00e9quipe de personnel fournit des services non m\u00e9dicaux incluant des repas frais de qualit\u00e9, l\u2019entretien m\u00e9nager, le lavage ainsi qu\u2019une vari\u00e9t\u00e9 d\u2019activit\u00e9s divertissantes. Nous offrons aussi des services de rappel pour la prise des m\u00e9dicaments et fournissons au besoin l\u2019\u00e9quipement personnel d\u2019intervention d\u2019urgence (Lifeline). Nous offrons des suites \u00e0 louer pour les visiteurs ainsi que des repas et des visites priv\u00e9es de la r\u00e9sidence. N\u2019h\u00e9sitez pas de communiquer avec nous par t\u00e9l\u00e9phone ou courriel.[\/vc_column_text][\/vc_column][\/vc_row][vc_row enable_first_overlay=\u00a0\u00bbtrue\u00a0\u00bb first_overlay_opacity=\u00a0\u00bb100&Prime; first_background_color=\u00a0\u00bb#6e868d\u00a0\u00bb enable_top_separator=\u00a0\u00bbtrue\u00a0\u00bb top_separator_style=\u00a0\u00bbblob-right\u00a0\u00bb font_color=\u00a0\u00bb#ffffff\u00a0\u00bb padding_top=\u00a0\u00bb60&Prime; padding_bottom=\u00a0\u00bb60&Prime; margin_bottom=\u00a0\u00bb0px\u00a0\u00bb][vc_column width=\u00a0\u00bb1\/2&Prime;][vc_column_text]<strong>Tracy Koskamp-Bergeron<br \/>\n<\/strong>Gestionnaire<strong><br \/>\n<\/strong>t\u00e9l: <a href=\"tel:7052722720\">(705) 272-2720<\/a><br \/>\ntc: (705) 272-2772<br \/>\n<a href=\"mailto:koskampt@cdssab.on.ca\">koskampt@cdssab.on.ca<\/a><\/p>\n<p><strong>Jolyne Morin<br \/>\n<\/strong>Gestionnaire des services alimentaire<br \/>\n<a href=\"tel:17052722720\">(705) 272-2720<\/a><br \/>\n<a href=\"mailto:Jolyne.morin@compass-canada.com\">Jolyne.morin@compass-canada.com<\/a><\/p>\n<p><strong>Micheline Plourde<br \/>\n<\/strong>Coordinatrice d&rsquo;activit\u00e9s\/ Th\u00e9rapeute r\u00e9cr\u00e9ative<br \/>\n<a href=\"tel:17052722720\">(705) 272-2720<\/a><br \/>\n<a href=\"mailto:Plourdem@cdssab.on.ca\">Plourdem@cdssab.on.ca<\/a>[\/vc_column_text][\/vc_column][vc_column width=\u00a0\u00bb1\/2&Prime;][vc_column_text]<strong>Addresse<\/strong><br \/>\n<a href=\"https:\/\/goo.gl\/maps\/J5GNWxv4TW92\" target=\"_blank\" rel=\"noopener noreferrer\">500-douzi\u00e8me avenue nord<br \/>\nCochrane, Ontario\u00a0 P0L 1C0<\/a>[\/vc_column_text]<div class=\"grve-map-wrapper\">  <div class=\"grve-element grve-map\" data-lat=\"49.075525\" data-lng=\"-81.015984\" data-zoom=\"15\" data-disable-style=\"no\" style=\"height: 420px;\"><\/div>  <div style=\"display:none\" class=\"grve-map-point\" data-point-lat=\"49.075525\" data-point-lng=\"-81.015984\" data-point-marker=\"https:\/\/cadenceresidence.com\/wp-content\/uploads\/2017\/03\/mapmarker.png\" data-point-title=\"\"><\/div><\/div>[\/vc_column][\/vc_row][vc_row heading_color=\u00a0\u00bblight\u00a0\u00bb equal_column_height=\u00a0\u00bbmiddle-content\u00a0\u00bb footer_feature=\u00a0\u00bbyes\u00a0\u00bb enable_first_overlay=\u00a0\u00bbtrue\u00a0\u00bb first_overlay_opacity=\u00a0\u00bb100&Prime; first_background_color=\u00a0\u00bb#6e868d\u00a0\u00bb font_color=\u00a0\u00bb#ffffff\u00a0\u00bb padding_top=\u00a0\u00bb45&Prime; padding_bottom=\u00a0\u00bb45&Prime;][vc_column width=\u00a0\u00bb1\/6&Prime;]<div class=\"grve-element grve-single-icon grve-align-center grve-large\" style=\"\"><a href=\"https:\/\/www.facebook.com\/cadenceresidence\/\" target=\"_blank\" class=\"\">  <div class=\"grve-wrapper-icon grve-no-shape grve-text-grey\"><i class=\"fa fa-facebook grve-text-primary-3\"><\/i><\/div><\/a><\/div>[\/vc_column][vc_column width=\u00a0\u00bb5\/6&Prime;][vc_column_text css=\u00a0\u00bb.vc_custom_1498678982169{padding-top: 45px !important;}\u00a0\u00bb]<\/p>\n<p style=\"text-align: left;\">Restez \u00e0 jour avec nos activit\u00e9s en visitant notre <a href=\"https:\/\/www.facebook.com\/cadenceresidence\/\" target=\"_blank\" rel=\"noopener\">page Facebook<\/a> aujourd&rsquo;hui!<\/p>\n<p>[\/vc_column_text][\/vc_column][\/vc_row]<\/p>\n<\/div>","protected":false},"excerpt":{"rendered":"<p>[vc_row heading_color=\u00a0\u00bblight\u00a0\u00bb section_type=\u00a0\u00bbfullwidth\u00a0\u00bb header_feature=\u00a0\u00bbyes\u00a0\u00bb enable_first_overlay=\u00a0\u00bbtrue\u00a0\u00bb first_overlay_opacity=\u00a0\u00bb100&Prime; first_background_type=\u00a0\u00bbimage\u00a0\u00bb first_background_image=\u00a0\u00bb414&Prime; first_background_size=\u00a0\u00bbcover\u00a0\u00bb enable_bottom_separator=\u00a0\u00bbtrue\u00a0\u00bb bottom_separator_style=\u00a0\u00bbblob-left\u00a0\u00bb padding_top=\u00a0\u00bb160&Prime; padding_bottom=\u00a0\u00bb160&Prime; font_color=\u00a0\u00bb#ffffff\u00a0\u00bb][vc_column width=\u00a0\u00bb1\/2&Prime;][\/vc_column][vc_column width=\u00a0\u00bb1\/2&Prime;][vc_column_text css=\u00a0\u00bb.vc_custom_1498853041789{padding-top: 32px !important;padding-right: 32px !important;padding-bottom: 1px !important;padding-left: 32px !important;background-color: rgba(109,127,84,0.88) !important;*background-color: rgb(109,127,84) !important;}\u00a0\u00bb] Nous joindre [\/vc_column_text][\/vc_column][\/vc_row][vc_row padding_top=\u00a0\u00bb45&Prime;][vc_column][vc_column_text]La R\u00e9sidence Cadence appartient au conseil d\u2019administration des services sociaux du district de Cochrane qui en est aussi l\u2019exploitant. Notre \u00e9quipe de personnel<\/p>\n","protected":false},"author":1,"featured_media":0,"parent":0,"menu_order":0,"comment_status":"closed","ping_status":"closed","template":"","meta":{"footnotes":""},"class_list":["post-461","page","type-page","status-publish","hentry"],"yoast_head":"<!-- This site is optimized with the Yoast SEO plugin v27.3 - https:\/\/yoast.com\/product\/yoast-seo-wordpress\/ -->\n<title>Nous joindre - Cadence Residence<\/title>\n<meta name=\"description\" content=\"La R\u00e9sidence Cadence appartient au conseil d\u2019administration des services sociaux du district de Cochrane. Contactez nous aujourd&#039;hui!\" \/>\n<meta name=\"robots\" content=\"index, follow, max-snippet:-1, max-image-preview:large, max-video-preview:-1\" \/>\n<link rel=\"canonical\" href=\"https:\/\/cadenceresidence.com\/contact-us\/\" \/>\n<meta property=\"og:locale\" content=\"fr_FR\" \/>\n<meta property=\"og:type\" content=\"article\" \/>\n<meta property=\"og:title\" content=\"Nous joindre - Cadence Residence\" \/>\n<meta property=\"og:description\" content=\"La R\u00e9sidence Cadence appartient au conseil d\u2019administration des services sociaux du district de Cochrane. Contactez nous aujourd&#039;hui!\" \/>\n<meta property=\"og:url\" content=\"https:\/\/cadenceresidence.com\/contact-us\/\" \/>\n<meta property=\"og:site_name\" content=\"Cadence Residence\" \/>\n<meta property=\"article:publisher\" content=\"https:\/\/www.facebook.com\/cadenceresidence\/\" \/>\n<meta property=\"article:modified_time\" content=\"2019-12-20T16:16:14+00:00\" \/>\n<meta property=\"og:image\" content=\"https:\/\/cadenceresidence.com\/wp-content\/uploads\/2017\/05\/Cadence-Residence_Logo.png\" \/>\n\t<meta property=\"og:image:width\" content=\"650\" \/>\n\t<meta property=\"og:image:height\" content=\"413\" \/>\n\t<meta property=\"og:image:type\" content=\"image\/png\" \/>\n<meta name=\"twitter:card\" content=\"summary_large_image\" \/>\n<meta name=\"twitter:label1\" content=\"Dur\u00e9e de lecture estim\u00e9e\" \/>\n\t<meta name=\"twitter:data1\" content=\"2 minutes\" \/>\n<script type=\"application\/ld+json\" class=\"yoast-schema-graph\">{\"@context\":\"https:\\\/\\\/schema.org\",\"@graph\":[{\"@type\":\"WebPage\",\"@id\":\"https:\\\/\\\/cadenceresidence.com\\\/contact-us\\\/\",\"url\":\"https:\\\/\\\/cadenceresidence.com\\\/contact-us\\\/\",\"name\":\"Nous joindre - Cadence Residence\",\"isPartOf\":{\"@id\":\"https:\\\/\\\/cadenceresidence.com\\\/#website\"},\"datePublished\":\"2017-06-26T16:38:06+00:00\",\"dateModified\":\"2019-12-20T16:16:14+00:00\",\"description\":\"La R\u00e9sidence Cadence appartient au conseil d\u2019administration des services sociaux du district de Cochrane. Contactez nous aujourd'hui!\",\"breadcrumb\":{\"@id\":\"https:\\\/\\\/cadenceresidence.com\\\/contact-us\\\/#breadcrumb\"},\"inLanguage\":\"fr-FR\",\"potentialAction\":[{\"@type\":\"ReadAction\",\"target\":[\"https:\\\/\\\/cadenceresidence.com\\\/contact-us\\\/\"]}]},{\"@type\":\"BreadcrumbList\",\"@id\":\"https:\\\/\\\/cadenceresidence.com\\\/contact-us\\\/#breadcrumb\",\"itemListElement\":[{\"@type\":\"ListItem\",\"position\":1,\"name\":\"Home\",\"item\":\"https:\\\/\\\/cadenceresidence.com\\\/fr\\\/\"},{\"@type\":\"ListItem\",\"position\":2,\"name\":\"Nous joindre\"}]},{\"@type\":\"WebSite\",\"@id\":\"https:\\\/\\\/cadenceresidence.com\\\/#website\",\"url\":\"https:\\\/\\\/cadenceresidence.com\\\/\",\"name\":\"Cadence Residence\",\"description\":\"Live to your rhythm in a carefree senior living environment\",\"publisher\":{\"@id\":\"https:\\\/\\\/cadenceresidence.com\\\/#organization\"},\"potentialAction\":[{\"@type\":\"SearchAction\",\"target\":{\"@type\":\"EntryPoint\",\"urlTemplate\":\"https:\\\/\\\/cadenceresidence.com\\\/?s={search_term_string}\"},\"query-input\":{\"@type\":\"PropertyValueSpecification\",\"valueRequired\":true,\"valueName\":\"search_term_string\"}}],\"inLanguage\":\"fr-FR\"},{\"@type\":\"Organization\",\"@id\":\"https:\\\/\\\/cadenceresidence.com\\\/#organization\",\"name\":\"Cadence Residence\",\"url\":\"https:\\\/\\\/cadenceresidence.com\\\/\",\"logo\":{\"@type\":\"ImageObject\",\"inLanguage\":\"fr-FR\",\"@id\":\"https:\\\/\\\/cadenceresidence.com\\\/#\\\/schema\\\/logo\\\/image\\\/\",\"url\":\"https:\\\/\\\/cadenceresidence.com\\\/wp-content\\\/uploads\\\/2017\\\/05\\\/Cadence-Residence_Logo.png\",\"contentUrl\":\"https:\\\/\\\/cadenceresidence.com\\\/wp-content\\\/uploads\\\/2017\\\/05\\\/Cadence-Residence_Logo.png\",\"width\":650,\"height\":413,\"caption\":\"Cadence Residence\"},\"image\":{\"@id\":\"https:\\\/\\\/cadenceresidence.com\\\/#\\\/schema\\\/logo\\\/image\\\/\"},\"sameAs\":[\"https:\\\/\\\/www.facebook.com\\\/cadenceresidence\\\/\",\"https:\\\/\\\/www.youtube.com\\\/channel\\\/UCRWdWCFfxQCJZgRZnfUfwrQ\\\/featured\"]}]}<\/script>\n<!-- \/ Yoast SEO plugin. -->","yoast_head_json":{"title":"Nous joindre - Cadence Residence","description":"La R\u00e9sidence Cadence appartient au conseil d\u2019administration des services sociaux du district de Cochrane. Contactez nous aujourd'hui!","robots":{"index":"index","follow":"follow","max-snippet":"max-snippet:-1","max-image-preview":"max-image-preview:large","max-video-preview":"max-video-preview:-1"},"canonical":"https:\/\/cadenceresidence.com\/contact-us\/","og_locale":"fr_FR","og_type":"article","og_title":"Nous joindre - Cadence Residence","og_description":"La R\u00e9sidence Cadence appartient au conseil d\u2019administration des services sociaux du district de Cochrane. Contactez nous aujourd'hui!","og_url":"https:\/\/cadenceresidence.com\/contact-us\/","og_site_name":"Cadence Residence","article_publisher":"https:\/\/www.facebook.com\/cadenceresidence\/","article_modified_time":"2019-12-20T16:16:14+00:00","og_image":[{"width":650,"height":413,"url":"https:\/\/cadenceresidence.com\/wp-content\/uploads\/2017\/05\/Cadence-Residence_Logo.png","type":"image\/png"}],"twitter_card":"summary_large_image","twitter_misc":{"Dur\u00e9e de lecture estim\u00e9e":"2 minutes"},"schema":{"@context":"https:\/\/schema.org","@graph":[{"@type":"WebPage","@id":"https:\/\/cadenceresidence.com\/contact-us\/","url":"https:\/\/cadenceresidence.com\/contact-us\/","name":"Nous joindre - Cadence Residence","isPartOf":{"@id":"https:\/\/cadenceresidence.com\/#website"},"datePublished":"2017-06-26T16:38:06+00:00","dateModified":"2019-12-20T16:16:14+00:00","description":"La R\u00e9sidence Cadence appartient au conseil d\u2019administration des services sociaux du district de Cochrane. Contactez nous aujourd'hui!","breadcrumb":{"@id":"https:\/\/cadenceresidence.com\/contact-us\/#breadcrumb"},"inLanguage":"fr-FR","potentialAction":[{"@type":"ReadAction","target":["https:\/\/cadenceresidence.com\/contact-us\/"]}]},{"@type":"BreadcrumbList","@id":"https:\/\/cadenceresidence.com\/contact-us\/#breadcrumb","itemListElement":[{"@type":"ListItem","position":1,"name":"Home","item":"https:\/\/cadenceresidence.com\/fr\/"},{"@type":"ListItem","position":2,"name":"Nous joindre"}]},{"@type":"WebSite","@id":"https:\/\/cadenceresidence.com\/#website","url":"https:\/\/cadenceresidence.com\/","name":"Cadence Residence","description":"Live to your rhythm in a carefree senior living environment","publisher":{"@id":"https:\/\/cadenceresidence.com\/#organization"},"potentialAction":[{"@type":"SearchAction","target":{"@type":"EntryPoint","urlTemplate":"https:\/\/cadenceresidence.com\/?s={search_term_string}"},"query-input":{"@type":"PropertyValueSpecification","valueRequired":true,"valueName":"search_term_string"}}],"inLanguage":"fr-FR"},{"@type":"Organization","@id":"https:\/\/cadenceresidence.com\/#organization","name":"Cadence Residence","url":"https:\/\/cadenceresidence.com\/","logo":{"@type":"ImageObject","inLanguage":"fr-FR","@id":"https:\/\/cadenceresidence.com\/#\/schema\/logo\/image\/","url":"https:\/\/cadenceresidence.com\/wp-content\/uploads\/2017\/05\/Cadence-Residence_Logo.png","contentUrl":"https:\/\/cadenceresidence.com\/wp-content\/uploads\/2017\/05\/Cadence-Residence_Logo.png","width":650,"height":413,"caption":"Cadence Residence"},"image":{"@id":"https:\/\/cadenceresidence.com\/#\/schema\/logo\/image\/"},"sameAs":["https:\/\/www.facebook.com\/cadenceresidence\/","https:\/\/www.youtube.com\/channel\/UCRWdWCFfxQCJZgRZnfUfwrQ\/featured"]}]}},"_links":{"self":[{"href":"https:\/\/cadenceresidence.com\/fr\/wp-json\/wp\/v2\/pages\/461","targetHints":{"allow":["GET"]}}],"collection":[{"href":"https:\/\/cadenceresidence.com\/fr\/wp-json\/wp\/v2\/pages"}],"about":[{"href":"https:\/\/cadenceresidence.com\/fr\/wp-json\/wp\/v2\/types\/page"}],"author":[{"embeddable":true,"href":"https:\/\/cadenceresidence.com\/fr\/wp-json\/wp\/v2\/users\/1"}],"replies":[{"embeddable":true,"href":"https:\/\/cadenceresidence.com\/fr\/wp-json\/wp\/v2\/comments?post=461"}],"version-history":[{"count":15,"href":"https:\/\/cadenceresidence.com\/fr\/wp-json\/wp\/v2\/pages\/461\/revisions"}],"predecessor-version":[{"id":1159,"href":"https:\/\/cadenceresidence.com\/fr\/wp-json\/wp\/v2\/pages\/461\/revisions\/1159"}],"wp:attachment":[{"href":"https:\/\/cadenceresidence.com\/fr\/wp-json\/wp\/v2\/media?parent=461"}],"curies":[{"name":"wp","href":"https:\/\/api.w.org\/{rel}","templated":true}]}}