{"id":456,"date":"2017-06-26T15:57:57","date_gmt":"2017-06-26T15:57:57","guid":{"rendered":"http:\/\/cadenceresidence.com\/?page_id=456"},"modified":"2017-11-30T15:09:58","modified_gmt":"2017-11-30T15:09:58","slug":"testimonials","status":"publish","type":"page","link":"https:\/\/cadenceresidence.com\/fr\/testimonials\/","title":{"rendered":"T\u00e9moignages"},"content":{"rendered":"<div class=\"wpb-content-wrapper\"><p>[vc_row heading_color=\u00a0\u00bblight\u00a0\u00bb section_type=\u00a0\u00bbfullwidth\u00a0\u00bb header_feature=\u00a0\u00bbyes\u00a0\u00bb enable_first_overlay=\u00a0\u00bbtrue\u00a0\u00bb first_overlay_opacity=\u00a0\u00bb100&Prime; first_background_type=\u00a0\u00bbimage\u00a0\u00bb first_background_image=\u00a0\u00bb421&Prime; first_background_position=\u00a0\u00bbtop-center\u00a0\u00bb first_background_size=\u00a0\u00bbcover\u00a0\u00bb enable_bottom_separator=\u00a0\u00bbtrue\u00a0\u00bb bottom_separator_style=\u00a0\u00bbblob-left\u00a0\u00bb padding_top=\u00a0\u00bb150&Prime; padding_bottom=\u00a0\u00bb150&Prime; font_color=\u00a0\u00bb#ffffff\u00a0\u00bb][vc_column width=\u00a0\u00bb1\/4&Prime;][\/vc_column][vc_column width=\u00a0\u00bb1\/2&Prime; css=\u00a0\u00bb.vc_custom_1498497798055{background-color: rgba(109,127,84,0.88) !important;*background-color: rgb(109,127,84) !important;}\u00a0\u00bb][vc_column_text css=\u00a0\u00bb.vc_custom_1498587270578{padding-top: 37px !important;padding-right: 32px !important;padding-bottom: 1px !important;padding-left: 32px !important;}\u00a0\u00bb]<\/p>\n<h1 style=\"text-align: center;\">T\u00e9moignages<\/h1>\n<p>[\/vc_column_text][\/vc_column][\/vc_row][vc_row padding_top=\u00a0\u00bb45&Prime;][vc_column][vc_column_text]<\/p>\n<blockquote>\n<p style=\"text-align: left;\">J\u2019aime beaucoup demeurer ici. Tous les travaillants sont tr\u00e8s gentils et nous aident toujours. Le complexe est tr\u00e8s beau, les repas sont bons et le m\u00e9nage est bien fait.<\/p>\n<\/blockquote>\n<p style=\"text-align: right;\">R\u00e9jeanne Lamarche, r\u00e9sident<br \/>\nR\u00e9sidence Cadence<\/p>\n<p>[\/vc_column_text][vc_empty_space][vc_column_text]<\/p>\n<blockquote><p>J\u2019aime les activit\u00e9s puis tous les employ\u00e9es sont vraiment gentilles. J\u2019aime les repas puis l\u2019atmosph\u00e8re.<\/p><\/blockquote>\n<p style=\"text-align: right;\">Aurette Villemure, r\u00e9sident<br \/>\nR\u00e9sidence Cadence<\/p>\n<p>[\/vc_column_text][vc_empty_space][vc_column_text]<\/p>\n<blockquote><p>Je demeurais seul dans ma maison \u00e0 Thunder Bay et maintenant je ne suis plus seul. Je me sens s\u00e9cure et confortable dans cette nouvelle r\u00e9sidence.<\/p><\/blockquote>\n<p style=\"text-align: right;\">Philip Gagne, r\u00e9sident<br \/>\nR\u00e9sidence Cadence<\/p>\n<p>[\/vc_column_text][vc_empty_space][vc_column_text]<\/p>\n<blockquote><p>Nous sommes tr\u00e8s heureux et confortable \u00e0 la r\u00e9sidence Cadence. C\u2019est comme \u00eatre en vacance prolong\u00e9e dans un tous inclu.<\/p><\/blockquote>\n<p style=\"text-align: right;\">Alma et Lucien Pouliot<br \/>\nCochrane, ON<\/p>\n<p>[\/vc_column_text][vc_empty_space][vc_column_text]<\/p>\n<p style=\"text-align: left;\">I just spent a week with my parents at the residence and had a great time, enjoying the meals, especially the soups, and listening to the wonderful stories from different residents. There is a great array of activities for all tastes, enough to keep anyone entertained if they want to. The staff is extremely positive, they listen attentively and respectfully to all, are so helpful, great at reminding residents of upcoming events and just all around nice. I am so happy that my parents are living there in their own apartment and so well taken of. I must say that the other residents and their families look just as satisfied. Centres such as these should be available to all seniors that can still live independently. Thank you to all Cadence Residence staff, I very much appreciate all that you do and all the little gestures that you all do to make my parents and their neighbours stay so enjoyable.<\/p>\n<p style=\"text-align: right;\">H\u00e9l\u00e8ne Pouliot-Cleare<br \/>\nDaughter of Alma &amp; Lucien Pouliot, residents<br \/>\nBurlington, Ontario<\/p>\n<p>[\/vc_column_text][vc_empty_space][vc_column_text]<\/p>\n<blockquote><p>To know that my Dad is living in this CDSSAB Retirement Living Complex gives me relief from worries and also gives me a comfort level to know he is surrounded by workers and neighbours who care and keep a watchful eye out for each other.<\/p><\/blockquote>\n<p style=\"text-align: right;\">Sheila Spalding<br \/>\nDaughter of George Spalding, resident<br \/>\nArnprior, Ontario<\/p>\n<p>[\/vc_column_text][vc_empty_space][vc_column_text]<\/p>\n<blockquote><p>I\u2019m glad that staff remind my mother to take her medication, and that she is involved with activities with the other tenants.\u00a0 I feel that she is safe here.<\/p><\/blockquote>\n<p style=\"text-align: right;\">Denise Thomas<br \/>\nDaughter of Monique Lajeunesse, resident<br \/>\nCochrane, Ontario<\/p>\n<p>[\/vc_column_text][vc_empty_space][vc_column_text]<\/p>\n<blockquote><p>I am very happy with all the staff and other residents. Housekeeping is excellent. \u00a0I don\u2019t have a vehicle so I am very happy I have everything I need here from meals to mail delivery makes it so much easier.<\/p><\/blockquote>\n<p style=\"text-align: right;\">Vilma Allchin, resident<br \/>\nCadence Residence<\/p>\n<p>[\/vc_column_text][vc_empty_space][vc_column_text]<\/p>\n<blockquote><p>I couldn&rsquo;t be more thrilled with my parent&rsquo;s new home at the retirement complex! \u00a0The facility is beautiful and the staff are amazing! \u00a0My folks are very happy there which makes me happy!<\/p><\/blockquote>\n<p style=\"text-align: right;\">Marilyn Adachi<br \/>\nDaughter of Conrad &amp; Zena Pearce, former residents<br \/>\nLondon, Ontario<\/p>\n<p>[\/vc_column_text][vc_empty_space][vc_column_text]<\/p>\n<blockquote><p>The friendships, new and old that were built during my father\u2019s stay were of great value to him.\u00a0 It gave the family peace of mind that he was able to be in an environment where he was treated with respect and well cared for and that our father wouldn&rsquo;t be lonely at home. We appreciated the staff at the residence and came to know them very well.\u00a0 They went out of their way to accommodate requests and escort him to his dinner table regularly.\u00a0 Those little things go a long way to make people feel appreciated and loved.<\/p><\/blockquote>\n<p style=\"text-align: right;\">Family of Albert Dupuis<br \/>\nCochrane, ON<\/p>\n<p>[\/vc_column_text][\/vc_column][\/vc_row]<\/p>\n<\/div>","protected":false},"excerpt":{"rendered":"<p>[vc_row heading_color=\u00a0\u00bblight\u00a0\u00bb section_type=\u00a0\u00bbfullwidth\u00a0\u00bb header_feature=\u00a0\u00bbyes\u00a0\u00bb enable_first_overlay=\u00a0\u00bbtrue\u00a0\u00bb first_overlay_opacity=\u00a0\u00bb100&Prime; first_background_type=\u00a0\u00bbimage\u00a0\u00bb first_background_image=\u00a0\u00bb421&Prime; first_background_position=\u00a0\u00bbtop-center\u00a0\u00bb first_background_size=\u00a0\u00bbcover\u00a0\u00bb enable_bottom_separator=\u00a0\u00bbtrue\u00a0\u00bb bottom_separator_style=\u00a0\u00bbblob-left\u00a0\u00bb padding_top=\u00a0\u00bb150&Prime; padding_bottom=\u00a0\u00bb150&Prime; font_color=\u00a0\u00bb#ffffff\u00a0\u00bb][vc_column width=\u00a0\u00bb1\/4&Prime;][\/vc_column][vc_column width=\u00a0\u00bb1\/2&Prime; css=\u00a0\u00bb.vc_custom_1498497798055{background-color: rgba(109,127,84,0.88) !important;*background-color: rgb(109,127,84) !important;}\u00a0\u00bb][vc_column_text css=\u00a0\u00bb.vc_custom_1498587270578{padding-top: 37px !important;padding-right: 32px !important;padding-bottom: 1px !important;padding-left: 32px !important;}\u00a0\u00bb] T\u00e9moignages [\/vc_column_text][\/vc_column][\/vc_row][vc_row padding_top=\u00a0\u00bb45&Prime;][vc_column][vc_column_text] J\u2019aime beaucoup demeurer ici. Tous les travaillants sont tr\u00e8s gentils et nous aident toujours. Le complexe est tr\u00e8s beau, les repas<\/p>\n","protected":false},"author":1,"featured_media":0,"parent":0,"menu_order":0,"comment_status":"closed","ping_status":"closed","template":"","meta":{"footnotes":""},"class_list":["post-456","page","type-page","status-publish","hentry"],"yoast_head":"<!-- This site is optimized with the Yoast SEO plugin v27.3 - https:\/\/yoast.com\/product\/yoast-seo-wordpress\/ -->\n<title>T\u00e9moignages - Cadence Residence<\/title>\n<meta name=\"description\" content=\"Apprenez davantage sur l&#039;exp\u00e9rience R\u00e9sidence Cadence en lisant des t\u00e9moignages fournis par les r\u00e9sidents et leurs familles.\" \/>\n<meta name=\"robots\" content=\"index, follow, max-snippet:-1, max-image-preview:large, max-video-preview:-1\" \/>\n<link rel=\"canonical\" href=\"https:\/\/cadenceresidence.com\/testimonials\/\" \/>\n<meta property=\"og:locale\" content=\"fr_FR\" \/>\n<meta property=\"og:type\" content=\"article\" \/>\n<meta property=\"og:title\" content=\"T\u00e9moignages - Cadence Residence\" \/>\n<meta property=\"og:description\" content=\"Apprenez davantage sur l&#039;exp\u00e9rience R\u00e9sidence Cadence en lisant des t\u00e9moignages fournis par les r\u00e9sidents et leurs familles.\" \/>\n<meta property=\"og:url\" content=\"https:\/\/cadenceresidence.com\/testimonials\/\" \/>\n<meta property=\"og:site_name\" content=\"Cadence Residence\" \/>\n<meta property=\"article:publisher\" content=\"https:\/\/www.facebook.com\/cadenceresidence\/\" \/>\n<meta property=\"article:modified_time\" content=\"2017-11-30T15:09:58+00:00\" \/>\n<meta property=\"og:image\" content=\"https:\/\/cadenceresidence.com\/wp-content\/uploads\/2017\/05\/Cadence-Residence_Logo.png\" \/>\n\t<meta property=\"og:image:width\" content=\"650\" \/>\n\t<meta property=\"og:image:height\" content=\"413\" \/>\n\t<meta property=\"og:image:type\" content=\"image\/png\" \/>\n<meta name=\"twitter:card\" content=\"summary_large_image\" \/>\n<meta name=\"twitter:label1\" content=\"Dur\u00e9e de lecture estim\u00e9e\" \/>\n\t<meta name=\"twitter:data1\" content=\"4 minutes\" \/>\n<script type=\"application\/ld+json\" class=\"yoast-schema-graph\">{\"@context\":\"https:\\\/\\\/schema.org\",\"@graph\":[{\"@type\":\"WebPage\",\"@id\":\"https:\\\/\\\/cadenceresidence.com\\\/testimonials\\\/\",\"url\":\"https:\\\/\\\/cadenceresidence.com\\\/testimonials\\\/\",\"name\":\"T\u00e9moignages - Cadence Residence\",\"isPartOf\":{\"@id\":\"https:\\\/\\\/cadenceresidence.com\\\/#website\"},\"datePublished\":\"2017-06-26T15:57:57+00:00\",\"dateModified\":\"2017-11-30T15:09:58+00:00\",\"description\":\"Apprenez davantage sur l'exp\u00e9rience R\u00e9sidence Cadence en lisant des t\u00e9moignages fournis par les r\u00e9sidents et leurs familles.\",\"breadcrumb\":{\"@id\":\"https:\\\/\\\/cadenceresidence.com\\\/testimonials\\\/#breadcrumb\"},\"inLanguage\":\"fr-FR\",\"potentialAction\":[{\"@type\":\"ReadAction\",\"target\":[\"https:\\\/\\\/cadenceresidence.com\\\/testimonials\\\/\"]}]},{\"@type\":\"BreadcrumbList\",\"@id\":\"https:\\\/\\\/cadenceresidence.com\\\/testimonials\\\/#breadcrumb\",\"itemListElement\":[{\"@type\":\"ListItem\",\"position\":1,\"name\":\"Home\",\"item\":\"https:\\\/\\\/cadenceresidence.com\\\/fr\\\/\"},{\"@type\":\"ListItem\",\"position\":2,\"name\":\"T\u00e9moignages\"}]},{\"@type\":\"WebSite\",\"@id\":\"https:\\\/\\\/cadenceresidence.com\\\/#website\",\"url\":\"https:\\\/\\\/cadenceresidence.com\\\/\",\"name\":\"Cadence Residence\",\"description\":\"Live to your rhythm in a carefree senior living environment\",\"publisher\":{\"@id\":\"https:\\\/\\\/cadenceresidence.com\\\/#organization\"},\"potentialAction\":[{\"@type\":\"SearchAction\",\"target\":{\"@type\":\"EntryPoint\",\"urlTemplate\":\"https:\\\/\\\/cadenceresidence.com\\\/?s={search_term_string}\"},\"query-input\":{\"@type\":\"PropertyValueSpecification\",\"valueRequired\":true,\"valueName\":\"search_term_string\"}}],\"inLanguage\":\"fr-FR\"},{\"@type\":\"Organization\",\"@id\":\"https:\\\/\\\/cadenceresidence.com\\\/#organization\",\"name\":\"Cadence Residence\",\"url\":\"https:\\\/\\\/cadenceresidence.com\\\/\",\"logo\":{\"@type\":\"ImageObject\",\"inLanguage\":\"fr-FR\",\"@id\":\"https:\\\/\\\/cadenceresidence.com\\\/#\\\/schema\\\/logo\\\/image\\\/\",\"url\":\"https:\\\/\\\/cadenceresidence.com\\\/wp-content\\\/uploads\\\/2017\\\/05\\\/Cadence-Residence_Logo.png\",\"contentUrl\":\"https:\\\/\\\/cadenceresidence.com\\\/wp-content\\\/uploads\\\/2017\\\/05\\\/Cadence-Residence_Logo.png\",\"width\":650,\"height\":413,\"caption\":\"Cadence Residence\"},\"image\":{\"@id\":\"https:\\\/\\\/cadenceresidence.com\\\/#\\\/schema\\\/logo\\\/image\\\/\"},\"sameAs\":[\"https:\\\/\\\/www.facebook.com\\\/cadenceresidence\\\/\",\"https:\\\/\\\/www.youtube.com\\\/channel\\\/UCRWdWCFfxQCJZgRZnfUfwrQ\\\/featured\"]}]}<\/script>\n<!-- \/ Yoast SEO plugin. -->","yoast_head_json":{"title":"T\u00e9moignages - Cadence Residence","description":"Apprenez davantage sur l'exp\u00e9rience R\u00e9sidence Cadence en lisant des t\u00e9moignages fournis par les r\u00e9sidents et leurs familles.","robots":{"index":"index","follow":"follow","max-snippet":"max-snippet:-1","max-image-preview":"max-image-preview:large","max-video-preview":"max-video-preview:-1"},"canonical":"https:\/\/cadenceresidence.com\/testimonials\/","og_locale":"fr_FR","og_type":"article","og_title":"T\u00e9moignages - Cadence Residence","og_description":"Apprenez davantage sur l'exp\u00e9rience R\u00e9sidence Cadence en lisant des t\u00e9moignages fournis par les r\u00e9sidents et leurs familles.","og_url":"https:\/\/cadenceresidence.com\/testimonials\/","og_site_name":"Cadence Residence","article_publisher":"https:\/\/www.facebook.com\/cadenceresidence\/","article_modified_time":"2017-11-30T15:09:58+00:00","og_image":[{"width":650,"height":413,"url":"https:\/\/cadenceresidence.com\/wp-content\/uploads\/2017\/05\/Cadence-Residence_Logo.png","type":"image\/png"}],"twitter_card":"summary_large_image","twitter_misc":{"Dur\u00e9e de lecture estim\u00e9e":"4 minutes"},"schema":{"@context":"https:\/\/schema.org","@graph":[{"@type":"WebPage","@id":"https:\/\/cadenceresidence.com\/testimonials\/","url":"https:\/\/cadenceresidence.com\/testimonials\/","name":"T\u00e9moignages - Cadence Residence","isPartOf":{"@id":"https:\/\/cadenceresidence.com\/#website"},"datePublished":"2017-06-26T15:57:57+00:00","dateModified":"2017-11-30T15:09:58+00:00","description":"Apprenez davantage sur l'exp\u00e9rience R\u00e9sidence Cadence en lisant des t\u00e9moignages fournis par les r\u00e9sidents et leurs familles.","breadcrumb":{"@id":"https:\/\/cadenceresidence.com\/testimonials\/#breadcrumb"},"inLanguage":"fr-FR","potentialAction":[{"@type":"ReadAction","target":["https:\/\/cadenceresidence.com\/testimonials\/"]}]},{"@type":"BreadcrumbList","@id":"https:\/\/cadenceresidence.com\/testimonials\/#breadcrumb","itemListElement":[{"@type":"ListItem","position":1,"name":"Home","item":"https:\/\/cadenceresidence.com\/fr\/"},{"@type":"ListItem","position":2,"name":"T\u00e9moignages"}]},{"@type":"WebSite","@id":"https:\/\/cadenceresidence.com\/#website","url":"https:\/\/cadenceresidence.com\/","name":"Cadence Residence","description":"Live to your rhythm in a carefree senior living environment","publisher":{"@id":"https:\/\/cadenceresidence.com\/#organization"},"potentialAction":[{"@type":"SearchAction","target":{"@type":"EntryPoint","urlTemplate":"https:\/\/cadenceresidence.com\/?s={search_term_string}"},"query-input":{"@type":"PropertyValueSpecification","valueRequired":true,"valueName":"search_term_string"}}],"inLanguage":"fr-FR"},{"@type":"Organization","@id":"https:\/\/cadenceresidence.com\/#organization","name":"Cadence Residence","url":"https:\/\/cadenceresidence.com\/","logo":{"@type":"ImageObject","inLanguage":"fr-FR","@id":"https:\/\/cadenceresidence.com\/#\/schema\/logo\/image\/","url":"https:\/\/cadenceresidence.com\/wp-content\/uploads\/2017\/05\/Cadence-Residence_Logo.png","contentUrl":"https:\/\/cadenceresidence.com\/wp-content\/uploads\/2017\/05\/Cadence-Residence_Logo.png","width":650,"height":413,"caption":"Cadence Residence"},"image":{"@id":"https:\/\/cadenceresidence.com\/#\/schema\/logo\/image\/"},"sameAs":["https:\/\/www.facebook.com\/cadenceresidence\/","https:\/\/www.youtube.com\/channel\/UCRWdWCFfxQCJZgRZnfUfwrQ\/featured"]}]}},"_links":{"self":[{"href":"https:\/\/cadenceresidence.com\/fr\/wp-json\/wp\/v2\/pages\/456","targetHints":{"allow":["GET"]}}],"collection":[{"href":"https:\/\/cadenceresidence.com\/fr\/wp-json\/wp\/v2\/pages"}],"about":[{"href":"https:\/\/cadenceresidence.com\/fr\/wp-json\/wp\/v2\/types\/page"}],"author":[{"embeddable":true,"href":"https:\/\/cadenceresidence.com\/fr\/wp-json\/wp\/v2\/users\/1"}],"replies":[{"embeddable":true,"href":"https:\/\/cadenceresidence.com\/fr\/wp-json\/wp\/v2\/comments?post=456"}],"version-history":[{"count":8,"href":"https:\/\/cadenceresidence.com\/fr\/wp-json\/wp\/v2\/pages\/456\/revisions"}],"predecessor-version":[{"id":910,"href":"https:\/\/cadenceresidence.com\/fr\/wp-json\/wp\/v2\/pages\/456\/revisions\/910"}],"wp:attachment":[{"href":"https:\/\/cadenceresidence.com\/fr\/wp-json\/wp\/v2\/media?parent=456"}],"curies":[{"name":"wp","href":"https:\/\/api.w.org\/{rel}","templated":true}]}}