{"id":1107,"date":"2019-01-24T14:48:51","date_gmt":"2019-01-24T14:48:51","guid":{"rendered":"http:\/\/cadenceresidence.com\/?page_id=1107\/"},"modified":"2019-01-24T14:48:51","modified_gmt":"2019-01-24T14:48:51","slug":"video","status":"publish","type":"page","link":"https:\/\/cadenceresidence.com\/fr\/video\/","title":{"rendered":"Vid\u00e9o"},"content":{"rendered":"<div class=\"wpb-content-wrapper\"><p>[vc_row header_feature=\u00a0\u00bbyes\u00a0\u00bb enable_first_overlay=\u00a0\u00bbtrue\u00a0\u00bb first_overlay_opacity=\u00a0\u00bb100&Prime; first_background_color=\u00a0\u00bb#6d7f54&Prime; enable_bottom_separator=\u00a0\u00bbtrue\u00a0\u00bb bottom_separator_style=\u00a0\u00bbblob-center\u00a0\u00bb][vc_column][\/vc_column][\/vc_row][vc_row][vc_column][vc_raw_html]JTNDaWZyYW1lJTIwd2lkdGglM0QlMjI1NjAlMjIlMjBoZWlnaHQlM0QlMjIzMTUlMjIlMjBzcmMlM0QlMjJodHRwcyUzQSUyRiUyRnd3dy55b3V0dWJlLmNvbSUyRmVtYmVkJTJGN3VVOHJSX0QxdDQlMjIlMjBmcmFtZWJvcmRlciUzRCUyMjAlMjIlMjBhbGxvdyUzRCUyMmFjY2VsZXJvbWV0ZXIlM0IlMjBhdXRvcGxheSUzQiUyMGVuY3J5cHRlZC1tZWRpYSUzQiUyMGd5cm9zY29wZSUzQiUyMHBpY3R1cmUtaW4tcGljdHVyZSUyMiUyMGFsbG93ZnVsbHNjcmVlbiUzRSUzQyUyRmlmcmFtZSUzRQ==[\/vc_raw_html][\/vc_column][\/vc_row]<\/p>\n<\/div>","protected":false},"excerpt":{"rendered":"<p>[vc_row header_feature=\u00a0\u00bbyes\u00a0\u00bb enable_first_overlay=\u00a0\u00bbtrue\u00a0\u00bb first_overlay_opacity=\u00a0\u00bb100&Prime; first_background_color=\u00a0\u00bb#6d7f54&Prime; enable_bottom_separator=\u00a0\u00bbtrue\u00a0\u00bb bottom_separator_style=\u00a0\u00bbblob-center\u00a0\u00bb][vc_column][\/vc_column][\/vc_row][vc_row][vc_column][vc_raw_html]JTNDaWZyYW1lJTIwd2lkdGglM0QlMjI1NjAlMjIlMjBoZWlnaHQlM0QlMjIzMTUlMjIlMjBzcmMlM0QlMjJodHRwcyUzQSUyRiUyRnd3dy55b3V0dWJlLmNvbSUyRmVtYmVkJTJGN3VVOHJSX0QxdDQlMjIlMjBmcmFtZWJvcmRlciUzRCUyMjAlMjIlMjBhbGxvdyUzRCUyMmFjY2VsZXJvbWV0ZXIlM0IlMjBhdXRvcGxheSUzQiUyMGVuY3J5cHRlZC1tZWRpYSUzQiUyMGd5cm9zY29wZSUzQiUyMHBpY3R1cmUtaW4tcGljdHVyZSUyMiUyMGFsbG93ZnVsbHNjcmVlbiUzRSUzQyUyRmlmcmFtZSUzRQ==[\/vc_raw_html][\/vc_column][\/vc_row]<\/p>\n","protected":false},"author":2,"featured_media":0,"parent":0,"menu_order":0,"comment_status":"closed","ping_status":"closed","template":"","meta":{"footnotes":""},"class_list":["post-1107","page","type-page","status-publish","hentry"],"yoast_head":"<!-- This site is optimized with the Yoast SEO plugin v27.3 - https:\/\/yoast.com\/product\/yoast-seo-wordpress\/ -->\n<title>Vid\u00e9o - Cadence Residence<\/title>\n<meta name=\"description\" content=\"Apprenez comment faire demande pour \u00eatre r\u00e9sident \u00e0 la R\u00e9sidence Cadence, y inclus l&#039;information sur les crit\u00e8res d&#039;admissions et le formulaire de demande.\" \/>\n<meta name=\"robots\" content=\"index, follow, max-snippet:-1, max-image-preview:large, max-video-preview:-1\" \/>\n<link rel=\"canonical\" href=\"https:\/\/cadenceresidence.com\/video\/\" \/>\n<meta property=\"og:locale\" content=\"fr_FR\" \/>\n<meta property=\"og:type\" content=\"article\" \/>\n<meta property=\"og:title\" content=\"Vid\u00e9o - Cadence Residence\" \/>\n<meta property=\"og:description\" content=\"Apprenez comment faire demande pour \u00eatre r\u00e9sident \u00e0 la R\u00e9sidence Cadence, y inclus l&#039;information sur les crit\u00e8res d&#039;admissions et le formulaire de demande.\" \/>\n<meta property=\"og:url\" content=\"https:\/\/cadenceresidence.com\/video\/\" \/>\n<meta property=\"og:site_name\" content=\"Cadence Residence\" \/>\n<meta property=\"article:publisher\" content=\"https:\/\/www.facebook.com\/cadenceresidence\/\" \/>\n<meta property=\"og:image\" content=\"https:\/\/cadenceresidence.com\/wp-content\/uploads\/2017\/05\/Cadence-Residence_Logo.png\" \/>\n\t<meta property=\"og:image:width\" content=\"650\" \/>\n\t<meta property=\"og:image:height\" content=\"413\" \/>\n\t<meta property=\"og:image:type\" content=\"image\/png\" \/>\n<meta name=\"twitter:card\" content=\"summary_large_image\" \/>\n<script type=\"application\/ld+json\" class=\"yoast-schema-graph\">{\"@context\":\"https:\\\/\\\/schema.org\",\"@graph\":[{\"@type\":\"WebPage\",\"@id\":\"https:\\\/\\\/cadenceresidence.com\\\/video\\\/\",\"url\":\"https:\\\/\\\/cadenceresidence.com\\\/video\\\/\",\"name\":\"Vid\u00e9o - Cadence Residence\",\"isPartOf\":{\"@id\":\"https:\\\/\\\/cadenceresidence.com\\\/#website\"},\"datePublished\":\"2019-01-24T14:48:51+00:00\",\"description\":\"Apprenez comment faire demande pour \u00eatre r\u00e9sident \u00e0 la R\u00e9sidence Cadence, y inclus l'information sur les crit\u00e8res d'admissions et le formulaire de demande.\",\"breadcrumb\":{\"@id\":\"https:\\\/\\\/cadenceresidence.com\\\/video\\\/#breadcrumb\"},\"inLanguage\":\"fr-FR\",\"potentialAction\":[{\"@type\":\"ReadAction\",\"target\":[\"https:\\\/\\\/cadenceresidence.com\\\/video\\\/\"]}]},{\"@type\":\"BreadcrumbList\",\"@id\":\"https:\\\/\\\/cadenceresidence.com\\\/video\\\/#breadcrumb\",\"itemListElement\":[{\"@type\":\"ListItem\",\"position\":1,\"name\":\"Home\",\"item\":\"https:\\\/\\\/cadenceresidence.com\\\/fr\\\/\"},{\"@type\":\"ListItem\",\"position\":2,\"name\":\"Vid\u00e9o\"}]},{\"@type\":\"WebSite\",\"@id\":\"https:\\\/\\\/cadenceresidence.com\\\/#website\",\"url\":\"https:\\\/\\\/cadenceresidence.com\\\/\",\"name\":\"Cadence Residence\",\"description\":\"Live to your rhythm in a carefree senior living environment\",\"publisher\":{\"@id\":\"https:\\\/\\\/cadenceresidence.com\\\/#organization\"},\"potentialAction\":[{\"@type\":\"SearchAction\",\"target\":{\"@type\":\"EntryPoint\",\"urlTemplate\":\"https:\\\/\\\/cadenceresidence.com\\\/?s={search_term_string}\"},\"query-input\":{\"@type\":\"PropertyValueSpecification\",\"valueRequired\":true,\"valueName\":\"search_term_string\"}}],\"inLanguage\":\"fr-FR\"},{\"@type\":\"Organization\",\"@id\":\"https:\\\/\\\/cadenceresidence.com\\\/#organization\",\"name\":\"Cadence Residence\",\"url\":\"https:\\\/\\\/cadenceresidence.com\\\/\",\"logo\":{\"@type\":\"ImageObject\",\"inLanguage\":\"fr-FR\",\"@id\":\"https:\\\/\\\/cadenceresidence.com\\\/#\\\/schema\\\/logo\\\/image\\\/\",\"url\":\"https:\\\/\\\/cadenceresidence.com\\\/wp-content\\\/uploads\\\/2017\\\/05\\\/Cadence-Residence_Logo.png\",\"contentUrl\":\"https:\\\/\\\/cadenceresidence.com\\\/wp-content\\\/uploads\\\/2017\\\/05\\\/Cadence-Residence_Logo.png\",\"width\":650,\"height\":413,\"caption\":\"Cadence Residence\"},\"image\":{\"@id\":\"https:\\\/\\\/cadenceresidence.com\\\/#\\\/schema\\\/logo\\\/image\\\/\"},\"sameAs\":[\"https:\\\/\\\/www.facebook.com\\\/cadenceresidence\\\/\",\"https:\\\/\\\/www.youtube.com\\\/channel\\\/UCRWdWCFfxQCJZgRZnfUfwrQ\\\/featured\"]}]}<\/script>\n<!-- \/ Yoast SEO plugin. -->","yoast_head_json":{"title":"Vid\u00e9o - Cadence Residence","description":"Apprenez comment faire demande pour \u00eatre r\u00e9sident \u00e0 la R\u00e9sidence Cadence, y inclus l'information sur les crit\u00e8res d'admissions et le formulaire de demande.","robots":{"index":"index","follow":"follow","max-snippet":"max-snippet:-1","max-image-preview":"max-image-preview:large","max-video-preview":"max-video-preview:-1"},"canonical":"https:\/\/cadenceresidence.com\/video\/","og_locale":"fr_FR","og_type":"article","og_title":"Vid\u00e9o - Cadence Residence","og_description":"Apprenez comment faire demande pour \u00eatre r\u00e9sident \u00e0 la R\u00e9sidence Cadence, y inclus l'information sur les crit\u00e8res d'admissions et le formulaire de demande.","og_url":"https:\/\/cadenceresidence.com\/video\/","og_site_name":"Cadence Residence","article_publisher":"https:\/\/www.facebook.com\/cadenceresidence\/","og_image":[{"width":650,"height":413,"url":"https:\/\/cadenceresidence.com\/wp-content\/uploads\/2017\/05\/Cadence-Residence_Logo.png","type":"image\/png"}],"twitter_card":"summary_large_image","schema":{"@context":"https:\/\/schema.org","@graph":[{"@type":"WebPage","@id":"https:\/\/cadenceresidence.com\/video\/","url":"https:\/\/cadenceresidence.com\/video\/","name":"Vid\u00e9o - Cadence Residence","isPartOf":{"@id":"https:\/\/cadenceresidence.com\/#website"},"datePublished":"2019-01-24T14:48:51+00:00","description":"Apprenez comment faire demande pour \u00eatre r\u00e9sident \u00e0 la R\u00e9sidence Cadence, y inclus l'information sur les crit\u00e8res d'admissions et le formulaire de demande.","breadcrumb":{"@id":"https:\/\/cadenceresidence.com\/video\/#breadcrumb"},"inLanguage":"fr-FR","potentialAction":[{"@type":"ReadAction","target":["https:\/\/cadenceresidence.com\/video\/"]}]},{"@type":"BreadcrumbList","@id":"https:\/\/cadenceresidence.com\/video\/#breadcrumb","itemListElement":[{"@type":"ListItem","position":1,"name":"Home","item":"https:\/\/cadenceresidence.com\/fr\/"},{"@type":"ListItem","position":2,"name":"Vid\u00e9o"}]},{"@type":"WebSite","@id":"https:\/\/cadenceresidence.com\/#website","url":"https:\/\/cadenceresidence.com\/","name":"Cadence Residence","description":"Live to your rhythm in a carefree senior living environment","publisher":{"@id":"https:\/\/cadenceresidence.com\/#organization"},"potentialAction":[{"@type":"SearchAction","target":{"@type":"EntryPoint","urlTemplate":"https:\/\/cadenceresidence.com\/?s={search_term_string}"},"query-input":{"@type":"PropertyValueSpecification","valueRequired":true,"valueName":"search_term_string"}}],"inLanguage":"fr-FR"},{"@type":"Organization","@id":"https:\/\/cadenceresidence.com\/#organization","name":"Cadence Residence","url":"https:\/\/cadenceresidence.com\/","logo":{"@type":"ImageObject","inLanguage":"fr-FR","@id":"https:\/\/cadenceresidence.com\/#\/schema\/logo\/image\/","url":"https:\/\/cadenceresidence.com\/wp-content\/uploads\/2017\/05\/Cadence-Residence_Logo.png","contentUrl":"https:\/\/cadenceresidence.com\/wp-content\/uploads\/2017\/05\/Cadence-Residence_Logo.png","width":650,"height":413,"caption":"Cadence Residence"},"image":{"@id":"https:\/\/cadenceresidence.com\/#\/schema\/logo\/image\/"},"sameAs":["https:\/\/www.facebook.com\/cadenceresidence\/","https:\/\/www.youtube.com\/channel\/UCRWdWCFfxQCJZgRZnfUfwrQ\/featured"]}]}},"_links":{"self":[{"href":"https:\/\/cadenceresidence.com\/fr\/wp-json\/wp\/v2\/pages\/1107","targetHints":{"allow":["GET"]}}],"collection":[{"href":"https:\/\/cadenceresidence.com\/fr\/wp-json\/wp\/v2\/pages"}],"about":[{"href":"https:\/\/cadenceresidence.com\/fr\/wp-json\/wp\/v2\/types\/page"}],"author":[{"embeddable":true,"href":"https:\/\/cadenceresidence.com\/fr\/wp-json\/wp\/v2\/users\/2"}],"replies":[{"embeddable":true,"href":"https:\/\/cadenceresidence.com\/fr\/wp-json\/wp\/v2\/comments?post=1107"}],"version-history":[{"count":1,"href":"https:\/\/cadenceresidence.com\/fr\/wp-json\/wp\/v2\/pages\/1107\/revisions"}],"predecessor-version":[{"id":1109,"href":"https:\/\/cadenceresidence.com\/fr\/wp-json\/wp\/v2\/pages\/1107\/revisions\/1109"}],"wp:attachment":[{"href":"https:\/\/cadenceresidence.com\/fr\/wp-json\/wp\/v2\/media?parent=1107"}],"curies":[{"name":"wp","href":"https:\/\/api.w.org\/{rel}","templated":true}]}}